{"id":479859,"date":"2023-09-12T12:48:13","date_gmt":"2023-09-12T10:48:13","guid":{"rendered":"https:\/\/lucacastelli.com\/?post_type=product&#038;p=479859"},"modified":"2026-04-17T23:59:39","modified_gmt":"2026-04-17T21:59:39","slug":"crazy-pant-alpinstar","status":"publish","type":"product","link":"https:\/\/lucacastelli.com\/fr\/produit\/crazy-pant-alpinstar\/","title":{"rendered":"CRAZY PANT ALPINSTAR"},"content":{"rendered":"<p>Pantalon pour la randonn\u00e9e hivernale, les raquettes et en g\u00e9n\u00e9ral pour l&#8217;activit\u00e9 sportive en plein air.<br \/>\nFabriqu\u00e9 en Endurance, tissu soft shell respirant et souple avec traitement DWR (hydrofuge), coupe-vent, anti-boulochage et anti-d\u00e9chirure. La partie arri\u00e8re de la taille est une bande \u00e9lastique confortable. La braguette s&#8217;ouvre avec une fermeture \u00e9clair invisible, le bas des jambes est r\u00e9glable avec un cordon \u00e9lastique.  <\/p>\n<p>bande \u00e9lastique confortable \u00e0 la taille<br \/>\npoches mains avec fermeture \u00e9clair<br \/>\nbas de jambe r\u00e9glable avec cordon \u00e9lastique<\/p>\n","protected":false},"excerpt":{"rendered":"<p>Pantalon pour la randonn\u00e9e hivernale, les raquettes et en g\u00e9n\u00e9ral pour l&#8217;activit\u00e9 sportive en plein air. Fabriqu\u00e9 en Endurance, tissu<\/p>\n","protected":false},"featured_media":98491,"template":"","meta":{"_seopress_robots_primary_cat":"","_seopress_titles_title":"","_seopress_titles_desc":"","_seopress_robots_index":""},"product_brand":[3616],"product_cat":[81,981,1387],"product_tag":[],"class_list":{"0":"post-479859","1":"product","2":"type-product","3":"status-publish","4":"has-post-thumbnail","6":"product_brand-crazy-fr","7":"product_cat-vetements","8":"product_cat-vetements-de-loisirs","9":"product_cat-vetements-pour-femmes","10":"sws-gruppo-abb-libero-fr","11":"sws-conto-ricavi-merci-rivendita-abbigliamento-fr","12":"sws-gruppo-iva-iva81-fr","14":"first","15":"instock","16":"sale","17":"shipping-taxable","18":"purchasable","19":"product-type-variable"},"_links":{"self":[{"href":"https:\/\/lucacastelli.com\/fr\/wp-json\/wp\/v2\/product\/479859","targetHints":{"allow":["GET"]}}],"collection":[{"href":"https:\/\/lucacastelli.com\/fr\/wp-json\/wp\/v2\/product"}],"about":[{"href":"https:\/\/lucacastelli.com\/fr\/wp-json\/wp\/v2\/types\/product"}],"wp:featuredmedia":[{"embeddable":true,"href":"https:\/\/lucacastelli.com\/fr\/wp-json\/wp\/v2\/media\/98491"}],"wp:attachment":[{"href":"https:\/\/lucacastelli.com\/fr\/wp-json\/wp\/v2\/media?parent=479859"}],"wp:term":[{"taxonomy":"product_brand","embeddable":true,"href":"https:\/\/lucacastelli.com\/fr\/wp-json\/wp\/v2\/product_brand?post=479859"},{"taxonomy":"product_cat","embeddable":true,"href":"https:\/\/lucacastelli.com\/fr\/wp-json\/wp\/v2\/product_cat?post=479859"},{"taxonomy":"product_tag","embeddable":true,"href":"https:\/\/lucacastelli.com\/fr\/wp-json\/wp\/v2\/product_tag?post=479859"}],"curies":[{"name":"wp","href":"https:\/\/api.w.org\/{rel}","templated":true}]}}