{"id":479836,"date":"2025-04-07T17:06:00","date_gmt":"2025-04-07T17:06:00","guid":{"rendered":"https:\/\/lucacastelli.com\/prodotto\/crazy-pant-lumiere-ionique\/"},"modified":"2026-04-16T00:54:27","modified_gmt":"2026-04-15T22:54:27","slug":"crazy-pant-lumiere-ionique","status":"publish","type":"product","link":"https:\/\/lucacastelli.com\/fr\/produit\/crazy-pant-lumiere-ionique\/","title":{"rendered":"CRAZY PANT IONIC LIGHT"},"content":{"rendered":"<p>Voyages, trekking et belles randonn\u00e9es en montagne, c\u2019est l\u2019environnement id\u00e9al pour porter le Voyager Pant. Con\u00e7u avec le tissu Endurance choisi par Crazy pour r\u00e9pondre aux besoins des passionn\u00e9s de trekking. C\u2019est un tissu ultra-r\u00e9sistant, bi-extensible avec traitement DWR. Les caract\u00e9ristiques techniques incluent une ceinture confortable \u00e0 ouverture, deux poches repose-mains et deux poches sur les c\u00f4t\u00e9s des cuisses avec fermeture zipp\u00e9e. Au bas de la jambe, un cordon \u00e9lastique de r\u00e9glage permet de l\u2019ajuster m\u00eame avec des chaussures de randonn\u00e9e.    <\/p>\n<p>2 poches sur les c\u00f4t\u00e9s de la jambe avec fermeture zipp\u00e9e<br \/>\n2 poches repose-mains<br \/>\nTaille ouverte avec velcro de s\u00e9curit\u00e9 et rabat d\u00e9coup\u00e9 au laser<br \/>\nCordon \u00e9lastique au bas de la jambe avec r\u00e9glage<\/p>\n","protected":false},"excerpt":{"rendered":"<p>Voyages, trekking et belles randonn\u00e9es en montagne, c\u2019est l\u2019environnement id\u00e9al pour porter le Voyager Pant. Con\u00e7u avec le tissu Endurance<\/p>\n","protected":false},"featured_media":91940,"template":"","meta":{"_seopress_robots_primary_cat":"","_seopress_titles_title":"","_seopress_titles_desc":"","_seopress_robots_index":""},"product_brand":[3616],"product_cat":[81,981,1387],"product_tag":[],"class_list":{"0":"post-479836","1":"product","2":"type-product","3":"status-publish","4":"has-post-thumbnail","6":"product_brand-crazy-fr","7":"product_cat-vetements","8":"product_cat-vetements-de-loisirs","9":"product_cat-vetements-pour-femmes","10":"sws-gruppo-abb-libero-fr","11":"sws-conto-ricavi-merci-rivendita-abbigliamento-fr","12":"sws-gruppo-iva-iva81-fr","14":"first","15":"instock","16":"sale","17":"shipping-taxable","18":"purchasable","19":"product-type-variable"},"_links":{"self":[{"href":"https:\/\/lucacastelli.com\/fr\/wp-json\/wp\/v2\/product\/479836","targetHints":{"allow":["GET"]}}],"collection":[{"href":"https:\/\/lucacastelli.com\/fr\/wp-json\/wp\/v2\/product"}],"about":[{"href":"https:\/\/lucacastelli.com\/fr\/wp-json\/wp\/v2\/types\/product"}],"wp:featuredmedia":[{"embeddable":true,"href":"https:\/\/lucacastelli.com\/fr\/wp-json\/wp\/v2\/media\/91940"}],"wp:attachment":[{"href":"https:\/\/lucacastelli.com\/fr\/wp-json\/wp\/v2\/media?parent=479836"}],"wp:term":[{"taxonomy":"product_brand","embeddable":true,"href":"https:\/\/lucacastelli.com\/fr\/wp-json\/wp\/v2\/product_brand?post=479836"},{"taxonomy":"product_cat","embeddable":true,"href":"https:\/\/lucacastelli.com\/fr\/wp-json\/wp\/v2\/product_cat?post=479836"},{"taxonomy":"product_tag","embeddable":true,"href":"https:\/\/lucacastelli.com\/fr\/wp-json\/wp\/v2\/product_tag?post=479836"}],"curies":[{"name":"wp","href":"https:\/\/api.w.org\/{rel}","templated":true}]}}