{"id":479830,"date":"2023-04-17T08:48:45","date_gmt":"2023-04-17T06:48:45","guid":{"rendered":"https:\/\/lucacastelli.com\/?post_type=product&#038;p=479830"},"modified":"2026-04-15T00:02:06","modified_gmt":"2026-04-14T22:02:06","slug":"crazy-top-break-2","status":"publish","type":"product","link":"https:\/\/lucacastelli.com\/fr\/produit\/crazy-top-break-2\/","title":{"rendered":"CRAZY TOP BREAK"},"content":{"rendered":"<p>Si vous en avez marre des couleurs habituelles, voici le d\u00e9bardeur cr\u00e9\u00e9 avec une double couche de tissu superpos\u00e9 con\u00e7u pour les activit\u00e9s de plein air et le trekking, imprim\u00e9, color\u00e9 et joyeux. Tissu int\u00e9rieur en microfibre m\u00e9lang\u00e9e \u00e0 s\u00e9chage rapide, Maille ext\u00e9rieure respirante avec traitement G2 \u00e0 s\u00e9chage rapide. Bretelles souples, soutien-gorge int\u00e9rieur amovible, excellent ajustement.  <\/p>\n<p>Tissu \u00e0 double chevauchement hautement respirant<br \/>\nSoutien-gorge int\u00e9rieur<\/p>\n","protected":false},"excerpt":{"rendered":"<p>Si vous en avez marre des couleurs habituelles, voici le d\u00e9bardeur cr\u00e9\u00e9 avec une double couche de tissu superpos\u00e9 con\u00e7u<\/p>\n","protected":false},"featured_media":89488,"template":"","meta":{"_seopress_robots_primary_cat":"","_seopress_titles_title":"","_seopress_titles_desc":"","_seopress_robots_index":""},"product_brand":[3616],"product_cat":[81,981,1387],"product_tag":[],"class_list":{"0":"post-479830","1":"product","2":"type-product","3":"status-publish","4":"has-post-thumbnail","6":"product_brand-crazy-fr","7":"product_cat-vetements","8":"product_cat-vetements-de-loisirs","9":"product_cat-vetements-pour-femmes","10":"sws-gruppo-abb-libero-fr","11":"sws-conto-ricavi-merci-rivendita-abbigliamento-fr","12":"sws-gruppo-iva-iva81-fr","14":"first","15":"instock","16":"sale","17":"shipping-taxable","18":"purchasable","19":"product-type-variable"},"_links":{"self":[{"href":"https:\/\/lucacastelli.com\/fr\/wp-json\/wp\/v2\/product\/479830","targetHints":{"allow":["GET"]}}],"collection":[{"href":"https:\/\/lucacastelli.com\/fr\/wp-json\/wp\/v2\/product"}],"about":[{"href":"https:\/\/lucacastelli.com\/fr\/wp-json\/wp\/v2\/types\/product"}],"wp:featuredmedia":[{"embeddable":true,"href":"https:\/\/lucacastelli.com\/fr\/wp-json\/wp\/v2\/media\/89488"}],"wp:attachment":[{"href":"https:\/\/lucacastelli.com\/fr\/wp-json\/wp\/v2\/media?parent=479830"}],"wp:term":[{"taxonomy":"product_brand","embeddable":true,"href":"https:\/\/lucacastelli.com\/fr\/wp-json\/wp\/v2\/product_brand?post=479830"},{"taxonomy":"product_cat","embeddable":true,"href":"https:\/\/lucacastelli.com\/fr\/wp-json\/wp\/v2\/product_cat?post=479830"},{"taxonomy":"product_tag","embeddable":true,"href":"https:\/\/lucacastelli.com\/fr\/wp-json\/wp\/v2\/product_tag?post=479830"}],"curies":[{"name":"wp","href":"https:\/\/api.w.org\/{rel}","templated":true}]}}