{"id":479818,"date":"2023-04-19T09:05:10","date_gmt":"2023-04-19T07:05:10","guid":{"rendered":"https:\/\/lucacastelli.com\/?post_type=product&#038;p=479818"},"modified":"2026-04-17T23:57:18","modified_gmt":"2026-04-17T21:57:18","slug":"crazy-tension-superieure","status":"publish","type":"product","link":"https:\/\/lucacastelli.com\/fr\/produit\/crazy-tension-superieure\/","title":{"rendered":"CRAZY TOP VOLTAGE"},"content":{"rendered":"<p>Top de running performant et technologique, con\u00e7u en utilisant tout notre savoir-faire en mod\u00e9lisme et notre exp\u00e9rience dans la technologie d&#8217;impression num\u00e9rique. C&#8217;est un v\u00eatement innovant, en d\u00e9structurant le mod\u00e8le nous avons cr\u00e9\u00e9 un body mapping avec des micro-perforations laser suivant les besoins des diff\u00e9rentes zones de ventilation. Le graphisme a \u00e9t\u00e9 personnalis\u00e9 sur les d\u00e9coupes laser cr\u00e9ant un effet in\u00e9dit. Une microfibre particuli\u00e8rement l\u00e9g\u00e8re est utilis\u00e9e. Les bretelles et le bas sont d\u00e9coup\u00e9s au laser sans ourlet.    <\/p>\n<p>Tissu en microfibre \u00e0 s\u00e9chage rapide<br \/>\nBody mapping \u00e0 d\u00e9coupe laser diff\u00e9renci\u00e9e<br \/>\nCoutures plates en couleur contrast\u00e9e<\/p>\n","protected":false},"excerpt":{"rendered":"<p>Top de running performant et technologique, con\u00e7u en utilisant tout notre savoir-faire en mod\u00e9lisme et notre exp\u00e9rience dans la technologie<\/p>\n","protected":false},"featured_media":89899,"template":"","meta":{"_seopress_robots_primary_cat":"","_seopress_titles_title":"","_seopress_titles_desc":"","_seopress_robots_index":""},"product_brand":[3616],"product_cat":[81,981,1387],"product_tag":[],"class_list":{"0":"post-479818","1":"product","2":"type-product","3":"status-publish","4":"has-post-thumbnail","6":"product_brand-crazy-fr","7":"product_cat-vetements","8":"product_cat-vetements-de-loisirs","9":"product_cat-vetements-pour-femmes","10":"sws-gruppo-abb-libero-fr","11":"sws-conto-ricavi-merci-rivendita-abbigliamento-fr","12":"sws-gruppo-iva-iva81-fr","14":"first","15":"instock","16":"sale","17":"shipping-taxable","18":"product-type-variable"},"_links":{"self":[{"href":"https:\/\/lucacastelli.com\/fr\/wp-json\/wp\/v2\/product\/479818","targetHints":{"allow":["GET"]}}],"collection":[{"href":"https:\/\/lucacastelli.com\/fr\/wp-json\/wp\/v2\/product"}],"about":[{"href":"https:\/\/lucacastelli.com\/fr\/wp-json\/wp\/v2\/types\/product"}],"wp:featuredmedia":[{"embeddable":true,"href":"https:\/\/lucacastelli.com\/fr\/wp-json\/wp\/v2\/media\/89899"}],"wp:attachment":[{"href":"https:\/\/lucacastelli.com\/fr\/wp-json\/wp\/v2\/media?parent=479818"}],"wp:term":[{"taxonomy":"product_brand","embeddable":true,"href":"https:\/\/lucacastelli.com\/fr\/wp-json\/wp\/v2\/product_brand?post=479818"},{"taxonomy":"product_cat","embeddable":true,"href":"https:\/\/lucacastelli.com\/fr\/wp-json\/wp\/v2\/product_cat?post=479818"},{"taxonomy":"product_tag","embeddable":true,"href":"https:\/\/lucacastelli.com\/fr\/wp-json\/wp\/v2\/product_tag?post=479818"}],"curies":[{"name":"wp","href":"https:\/\/api.w.org\/{rel}","templated":true}]}}