{"id":479811,"date":"2023-03-24T10:29:12","date_gmt":"2023-03-24T09:29:12","guid":{"rendered":"https:\/\/lucacastelli.com\/?post_type=product&#038;p=479811"},"modified":"2026-04-18T00:01:20","modified_gmt":"2026-04-17T22:01:20","slug":"crazy-tirettes-de-sortie-mi-courtes","status":"publish","type":"product","link":"https:\/\/lucacastelli.com\/fr\/produit\/crazy-tirettes-de-sortie-mi-courtes\/","title":{"rendered":"CRAZY PULL MID SHORT EXIT"},"content":{"rendered":"<p>Pantalon Mid sous le genou \u00e0 l&#8217;esprit montagnard, id\u00e9al pour le trekking en demi-saison et pour ceux qui ne veulent pas renoncer \u00e0 la l\u00e9g\u00e8ret\u00e9 et \u00e0 la fra\u00eecheur sans pour autant utiliser un short. Un v\u00eatement consid\u00e9r\u00e9 comme \u00ab un classique \u00bb, mais revisit\u00e9 et rendu jeune et frais gr\u00e2ce \u00e0 la ceinture \u00e9lastique confortable, aux petites poches lat\u00e9rales \u00ab easy pocket \u00bb et aux coutures de couleur contrast\u00e9e <\/p>\n<p>Large ceinture \u00e9lastique confortable<br \/>\nDeux poches lat\u00e9rales avec syst\u00e8me de fermeture \u00ab easy pocket \u00bb<\/p>\n","protected":false},"excerpt":{"rendered":"<p>Pantalon Mid sous le genou \u00e0 l&#8217;esprit montagnard, id\u00e9al pour le trekking en demi-saison et pour ceux qui ne veulent<\/p>\n","protected":false},"featured_media":87872,"template":"","meta":{"_seopress_robots_primary_cat":"","_seopress_titles_title":"","_seopress_titles_desc":"","_seopress_robots_index":""},"product_brand":[3616],"product_cat":[81,981,1387],"product_tag":[],"class_list":{"0":"post-479811","1":"product","2":"type-product","3":"status-publish","4":"has-post-thumbnail","6":"product_brand-crazy-fr","7":"product_cat-vetements","8":"product_cat-vetements-de-loisirs","9":"product_cat-vetements-pour-femmes","10":"sws-gruppo-abb-libero-fr","11":"sws-conto-ricavi-merci-rivendita-abbigliamento-fr","12":"sws-gruppo-iva-iva81-fr","14":"first","15":"instock","16":"sale","17":"shipping-taxable","18":"product-type-variable"},"_links":{"self":[{"href":"https:\/\/lucacastelli.com\/fr\/wp-json\/wp\/v2\/product\/479811","targetHints":{"allow":["GET"]}}],"collection":[{"href":"https:\/\/lucacastelli.com\/fr\/wp-json\/wp\/v2\/product"}],"about":[{"href":"https:\/\/lucacastelli.com\/fr\/wp-json\/wp\/v2\/types\/product"}],"wp:featuredmedia":[{"embeddable":true,"href":"https:\/\/lucacastelli.com\/fr\/wp-json\/wp\/v2\/media\/87872"}],"wp:attachment":[{"href":"https:\/\/lucacastelli.com\/fr\/wp-json\/wp\/v2\/media?parent=479811"}],"wp:term":[{"taxonomy":"product_brand","embeddable":true,"href":"https:\/\/lucacastelli.com\/fr\/wp-json\/wp\/v2\/product_brand?post=479811"},{"taxonomy":"product_cat","embeddable":true,"href":"https:\/\/lucacastelli.com\/fr\/wp-json\/wp\/v2\/product_cat?post=479811"},{"taxonomy":"product_tag","embeddable":true,"href":"https:\/\/lucacastelli.com\/fr\/wp-json\/wp\/v2\/product_tag?post=479811"}],"curies":[{"name":"wp","href":"https:\/\/api.w.org\/{rel}","templated":true}]}}