{"id":479805,"date":"2022-12-12T09:37:23","date_gmt":"2022-12-12T08:37:23","guid":{"rendered":"https:\/\/lucacastelli.com\/?post_type=product&#038;p=479805"},"modified":"2026-03-01T00:26:17","modified_gmt":"2026-02-28T23:26:17","slug":"crazy-pull-kinsej","status":"publish","type":"product","link":"https:\/\/lucacastelli.com\/fr\/produit\/crazy-pull-kinsej\/","title":{"rendered":"CRAZY PULL KINSEJ"},"content":{"rendered":"<p>Maillot de course et de raquette id\u00e9al pour les journ\u00e9es les plus froides de l\u2019hiver. Fabriqu\u00e9 dans un tissu haute performance chaud, confortable et \u00e9lastique, bross\u00e9 \u00e0 l\u2019int\u00e9rieur. La demi-fermeture \u00e9clair sur le devant, une poche ext\u00e9rieure \u00ab&nbsp;Easy pocket&nbsp;\u00bb avec bord \u00e9lastique. Le col haut et protecteur, le sifflet de s\u00e9curit\u00e9 dans la poche poitrine, ainsi que le poignet qui se transforme en gant utile sont des d\u00e9tails qui diff\u00e9rencient ce produit de tous les autres normalement propos\u00e9s par les nombreuses marques peu sp\u00e9cialis\u00e9es.   <\/p>\n<p>Gant de protection \u00e0 col haut<br \/>\nzipp\u00e9 semi-invisible sur le<br \/>\ndevant<br \/>\nint\u00e9gr\u00e9 au bas du poignet Poche \u00ab&nbsp;Easy pocket&nbsp;\u00bb avec poche<br \/>\n\u00e9lastique avec sifflet de sauvetage int\u00e9gr\u00e9<\/p>\n","protected":false},"excerpt":{"rendered":"<p>Maillot de course et de raquette id\u00e9al pour les journ\u00e9es les plus froides de l\u2019hiver. Fabriqu\u00e9 dans un tissu haute<\/p>\n","protected":false},"featured_media":85002,"template":"","meta":{"_seopress_robots_primary_cat":"","_seopress_titles_title":"","_seopress_titles_desc":"","_seopress_robots_index":""},"product_brand":[3413],"product_cat":[21,189,200],"product_tag":[],"class_list":{"0":"post-479805","1":"product","2":"type-product","3":"status-publish","4":"has-post-thumbnail","6":"product_brand-crazy","7":"product_cat-abbigliamento","8":"product_cat-abbigliamento-per-il-tempo-libero","9":"product_cat-abbigliamento-da-donna","10":"sws-gruppo-abb-libero-fr","11":"sws-conto-ricavi-merci-rivendita-abbigliamento-fr","12":"sws-gruppo-iva-iva81-fr","14":"first","15":"instock","16":"shipping-taxable","17":"purchasable","18":"product-type-variable"},"_links":{"self":[{"href":"https:\/\/lucacastelli.com\/fr\/wp-json\/wp\/v2\/product\/479805","targetHints":{"allow":["GET"]}}],"collection":[{"href":"https:\/\/lucacastelli.com\/fr\/wp-json\/wp\/v2\/product"}],"about":[{"href":"https:\/\/lucacastelli.com\/fr\/wp-json\/wp\/v2\/types\/product"}],"wp:featuredmedia":[{"embeddable":true,"href":"https:\/\/lucacastelli.com\/fr\/wp-json\/wp\/v2\/media\/85002"}],"wp:attachment":[{"href":"https:\/\/lucacastelli.com\/fr\/wp-json\/wp\/v2\/media?parent=479805"}],"wp:term":[{"taxonomy":"product_brand","embeddable":true,"href":"https:\/\/lucacastelli.com\/fr\/wp-json\/wp\/v2\/product_brand?post=479805"},{"taxonomy":"product_cat","embeddable":true,"href":"https:\/\/lucacastelli.com\/fr\/wp-json\/wp\/v2\/product_cat?post=479805"},{"taxonomy":"product_tag","embeddable":true,"href":"https:\/\/lucacastelli.com\/fr\/wp-json\/wp\/v2\/product_tag?post=479805"}],"curies":[{"name":"wp","href":"https:\/\/api.w.org\/{rel}","templated":true}]}}