{"id":479790,"date":"2022-12-12T09:58:20","date_gmt":"2022-12-12T08:58:20","guid":{"rendered":"https:\/\/lucacastelli.com\/?post_type=product&#038;p=479790"},"modified":"2026-03-01T00:26:17","modified_gmt":"2026-02-28T23:26:17","slug":"crazy-pull-next-femme","status":"publish","type":"product","link":"https:\/\/lucacastelli.com\/fr\/produit\/crazy-pull-next-femme\/","title":{"rendered":"CRAZY PULL NEXT FEMME"},"content":{"rendered":"<p>Pull hybride con\u00e7u pour affronter les conditions m\u00e9t\u00e9orologiques les plus s\u00e9v\u00e8res, lorsqu\u2019une simple \u00ab&nbsp;couche interm\u00e9diaire&nbsp;\u00bb ne suffit pas et qu\u2019une plus grande chaleur et protection sont n\u00e9cessaires. L\u2019utilisation recommand\u00e9e est l\u2019alpinisme et la performance en haute altitude, pour affronter des mont\u00e9es o\u00f9 l\u2019inattendu est toujours possible. Il est construit avec le tissu innovant bi-\u00e9lastique Two Face avec une surface externe dure, r\u00e9sistante \u00e0 l\u2019abrasion, le tissu derri\u00e8re la manche et sous les bras est une coquille souple respirante, douce et r\u00e9sistante avec un traitement DWR hydrofuge. Plus chaud et plus respirant en moins de volume. Ce pull a une capuche avec bord \u00e9lastique, une poche poitrine + deux poches chauffe-mains soud\u00e9es, toutes avec fermeture \u00e0 glissi\u00e8re, un bas et des poignets avec bord \u00e9lastique, le tout propos\u00e9 avec un design attrayant.    <\/p>\n<p>Pull ouvert avec fermeture \u00e9clair sur le devant et capuche<br \/>\nPoche poitrine coll\u00e9e avec fermeture<br \/>\n\u00e0 glissi\u00e8re Bords \u00e9lastiques sur la capuche et le bas des manches<br \/>\nBoutonni\u00e8re du pouce<\/p>\n","protected":false},"excerpt":{"rendered":"<p>Pull hybride con\u00e7u pour affronter les conditions m\u00e9t\u00e9orologiques les plus s\u00e9v\u00e8res, lorsqu\u2019une simple \u00ab&nbsp;couche interm\u00e9diaire&nbsp;\u00bb ne suffit pas et qu\u2019une<\/p>\n","protected":false},"featured_media":85012,"template":"","meta":{"_seopress_robots_primary_cat":"","_seopress_titles_title":"","_seopress_titles_desc":"","_seopress_robots_index":""},"product_brand":[3413],"product_cat":[21,189,200],"product_tag":[],"class_list":{"0":"post-479790","1":"product","2":"type-product","3":"status-publish","4":"has-post-thumbnail","6":"product_brand-crazy","7":"product_cat-abbigliamento","8":"product_cat-abbigliamento-per-il-tempo-libero","9":"product_cat-abbigliamento-da-donna","10":"sws-gruppo-abb-libero-fr","11":"sws-conto-ricavi-merci-rivendita-abbigliamento-fr","12":"sws-gruppo-iva-iva81-fr","14":"first","15":"instock","16":"shipping-taxable","17":"purchasable","18":"product-type-variable"},"_links":{"self":[{"href":"https:\/\/lucacastelli.com\/fr\/wp-json\/wp\/v2\/product\/479790","targetHints":{"allow":["GET"]}}],"collection":[{"href":"https:\/\/lucacastelli.com\/fr\/wp-json\/wp\/v2\/product"}],"about":[{"href":"https:\/\/lucacastelli.com\/fr\/wp-json\/wp\/v2\/types\/product"}],"wp:featuredmedia":[{"embeddable":true,"href":"https:\/\/lucacastelli.com\/fr\/wp-json\/wp\/v2\/media\/85012"}],"wp:attachment":[{"href":"https:\/\/lucacastelli.com\/fr\/wp-json\/wp\/v2\/media?parent=479790"}],"wp:term":[{"taxonomy":"product_brand","embeddable":true,"href":"https:\/\/lucacastelli.com\/fr\/wp-json\/wp\/v2\/product_brand?post=479790"},{"taxonomy":"product_cat","embeddable":true,"href":"https:\/\/lucacastelli.com\/fr\/wp-json\/wp\/v2\/product_cat?post=479790"},{"taxonomy":"product_tag","embeddable":true,"href":"https:\/\/lucacastelli.com\/fr\/wp-json\/wp\/v2\/product_tag?post=479790"}],"curies":[{"name":"wp","href":"https:\/\/api.w.org\/{rel}","templated":true}]}}