{"id":479783,"date":"2022-12-12T09:17:25","date_gmt":"2022-12-12T08:17:25","guid":{"rendered":"https:\/\/lucacastelli.com\/?post_type=product&#038;p=479783"},"modified":"2026-03-01T00:26:17","modified_gmt":"2026-02-28T23:26:17","slug":"crazy-fuseaux-kinsej","status":"publish","type":"product","link":"https:\/\/lucacastelli.com\/fr\/produit\/crazy-fuseaux-kinsej\/","title":{"rendered":"CRAZY FUSEAUX KINSEJ"},"content":{"rendered":"<p>Legging de course ou raquettes id\u00e9al pour les journ\u00e9es froides ou les sentiers d\u2019hiver. Fabriqu\u00e9 en tissu haute performance, chaud, confortable et respirant. Con\u00e7u pour les femmes, construit sans coutures sous la jambe pour \u00e9viter toute g\u00eane ou frottement. La ceinture haute \u00e9quip\u00e9e de 2 poches dont une avec fermeture zipp\u00e9e, tr\u00e8s utile comme porte-gel et autres objets.   <\/p>\n<p>Ceinture haute \u00e9lastique avec 2 poches dont une avec fermeture \u00e9clair<br \/>\n, construction sans couture sous les jambes, imprim\u00e9 jeans mode anti-frottement sur toute la surface<\/p>\n","protected":false},"excerpt":{"rendered":"<p>Legging de course ou raquettes id\u00e9al pour les journ\u00e9es froides ou les sentiers d\u2019hiver. Fabriqu\u00e9 en tissu haute performance, chaud,<\/p>\n","protected":false},"featured_media":84982,"template":"","meta":{"_seopress_robots_primary_cat":"","_seopress_titles_title":"","_seopress_titles_desc":"","_seopress_robots_index":""},"product_brand":[3413],"product_cat":[21,189,200],"product_tag":[],"class_list":{"0":"post-479783","1":"product","2":"type-product","3":"status-publish","4":"has-post-thumbnail","6":"product_brand-crazy","7":"product_cat-abbigliamento","8":"product_cat-abbigliamento-per-il-tempo-libero","9":"product_cat-abbigliamento-da-donna","10":"sws-gruppo-abb-libero-fr","11":"sws-conto-ricavi-merci-rivendita-abbigliamento-fr","12":"sws-gruppo-iva-iva81-fr","14":"first","15":"instock","16":"shipping-taxable","17":"purchasable","18":"product-type-variable"},"_links":{"self":[{"href":"https:\/\/lucacastelli.com\/fr\/wp-json\/wp\/v2\/product\/479783","targetHints":{"allow":["GET"]}}],"collection":[{"href":"https:\/\/lucacastelli.com\/fr\/wp-json\/wp\/v2\/product"}],"about":[{"href":"https:\/\/lucacastelli.com\/fr\/wp-json\/wp\/v2\/types\/product"}],"wp:featuredmedia":[{"embeddable":true,"href":"https:\/\/lucacastelli.com\/fr\/wp-json\/wp\/v2\/media\/84982"}],"wp:attachment":[{"href":"https:\/\/lucacastelli.com\/fr\/wp-json\/wp\/v2\/media?parent=479783"}],"wp:term":[{"taxonomy":"product_brand","embeddable":true,"href":"https:\/\/lucacastelli.com\/fr\/wp-json\/wp\/v2\/product_brand?post=479783"},{"taxonomy":"product_cat","embeddable":true,"href":"https:\/\/lucacastelli.com\/fr\/wp-json\/wp\/v2\/product_cat?post=479783"},{"taxonomy":"product_tag","embeddable":true,"href":"https:\/\/lucacastelli.com\/fr\/wp-json\/wp\/v2\/product_tag?post=479783"}],"curies":[{"name":"wp","href":"https:\/\/api.w.org\/{rel}","templated":true}]}}