{"id":479770,"date":"2022-12-12T09:10:16","date_gmt":"2022-12-12T08:10:16","guid":{"rendered":"https:\/\/lucacastelli.com\/?post_type=product&#038;p=479770"},"modified":"2026-03-01T00:26:16","modified_gmt":"2026-02-28T23:26:16","slug":"crazy-pant-9","status":"publish","type":"product","link":"https:\/\/lucacastelli.com\/fr\/produit\/crazy-pant-9\/","title":{"rendered":"CRAZY PANT"},"content":{"rendered":"<p>Unique! C\u2019est la d\u00e9finition que l\u2019on peut donner au Pant Sound. C\u2019est le pantalon id\u00e9al \u00e0 porter pour le ski de randonn\u00e9e pour les journ\u00e9es les plus froides. Il est construit \u00e0 l\u2019aide d\u2019une coquille souple avec une membrane coupe-vent et hydrofuge qui retient la chaleur, doubl\u00e9e d\u2019une polaire chaude contre la peau qui contribue au confort. Le tissu est incroyablement \u00e9lastique et est fabriqu\u00e9 en Europe, il suffit de le toucher pour comprendre imm\u00e9diatement ses caract\u00e9ristiques. La ceinture haute et enveloppante est incluse depuis des ann\u00e9es dans certains des v\u00eatements con\u00e7us par Crazy, prot\u00e8ge du froid et am\u00e9liore l\u2019ajustement du pantalon. Le bas de la jambe est dot\u00e9 d\u2019un soufflet avec fermeture \u00e9clair adaptable aux chaussures de ski alpinisme.      <\/p>\n<p>&#8211; taille haute \u00e9lastique et protectrice &#8211; pinces de jambe avec gousset de fermeture \u00e9clair r\u00e9glable, peut \u00e9galement \u00eatre utilis\u00e9 avec des chaussures de ski &#8211; tissu avec membrane coupe-vent avec imprim\u00e9 de style unique<\/p>\n","protected":false},"excerpt":{"rendered":"<p>Unique! C\u2019est la d\u00e9finition que l\u2019on peut donner au Pant Sound. C\u2019est le pantalon id\u00e9al \u00e0 porter pour le ski<\/p>\n","protected":false},"featured_media":84967,"template":"","meta":{"_seopress_robots_primary_cat":"","_seopress_titles_title":"","_seopress_titles_desc":"","_seopress_robots_index":""},"product_brand":[3413],"product_cat":[21,189,200],"product_tag":[],"class_list":{"0":"post-479770","1":"product","2":"type-product","3":"status-publish","4":"has-post-thumbnail","6":"product_brand-crazy","7":"product_cat-abbigliamento","8":"product_cat-abbigliamento-per-il-tempo-libero","9":"product_cat-abbigliamento-da-donna","10":"sws-gruppo-abb-libero-fr","11":"sws-conto-ricavi-merci-rivendita-abbigliamento-fr","12":"sws-gruppo-iva-iva81-fr","14":"first","15":"instock","16":"shipping-taxable","17":"purchasable","18":"product-type-variable"},"_links":{"self":[{"href":"https:\/\/lucacastelli.com\/fr\/wp-json\/wp\/v2\/product\/479770","targetHints":{"allow":["GET"]}}],"collection":[{"href":"https:\/\/lucacastelli.com\/fr\/wp-json\/wp\/v2\/product"}],"about":[{"href":"https:\/\/lucacastelli.com\/fr\/wp-json\/wp\/v2\/types\/product"}],"wp:featuredmedia":[{"embeddable":true,"href":"https:\/\/lucacastelli.com\/fr\/wp-json\/wp\/v2\/media\/84967"}],"wp:attachment":[{"href":"https:\/\/lucacastelli.com\/fr\/wp-json\/wp\/v2\/media?parent=479770"}],"wp:term":[{"taxonomy":"product_brand","embeddable":true,"href":"https:\/\/lucacastelli.com\/fr\/wp-json\/wp\/v2\/product_brand?post=479770"},{"taxonomy":"product_cat","embeddable":true,"href":"https:\/\/lucacastelli.com\/fr\/wp-json\/wp\/v2\/product_cat?post=479770"},{"taxonomy":"product_tag","embeddable":true,"href":"https:\/\/lucacastelli.com\/fr\/wp-json\/wp\/v2\/product_tag?post=479770"}],"curies":[{"name":"wp","href":"https:\/\/api.w.org\/{rel}","templated":true}]}}