{"id":479674,"date":"2022-11-07T10:56:03","date_gmt":"2022-11-07T09:56:03","guid":{"rendered":"https:\/\/lucacastelli.com\/?post_type=product&#038;p=479674"},"modified":"2026-04-18T01:34:49","modified_gmt":"2026-04-17T23:34:49","slug":"crazy-bande-double-3","status":"publish","type":"product","link":"https:\/\/lucacastelli.com\/fr\/produit\/crazy-bande-double-3\/","title":{"rendered":"CRAZY BAND DOUBLE"},"content":{"rendered":"<p>Ceinture haute \u00e0 coupe droite pour activit\u00e9s d&#8217;intensit\u00e9 moyenne. Fabriqu\u00e9e en microfibre italienne JL l\u00e9g\u00e8re \u00e0 s\u00e9chage rapide, doubl\u00e9e. Les imprim\u00e9s caract\u00e9ristiques rappellent la collection femme. Notre politique d&#8217;entreprise nous impose de faire tr\u00e8s attention \u00e0 ne pas gaspiller la pr\u00e9cieuse mati\u00e8re premi\u00e8re, c&#8217;est pourquoi les m\u00eames tissus utilis\u00e9s pour produire des vestes ou des pulls sont d\u00e9coup\u00e9s avec soin afin de r\u00e9duire au minimum les chutes.   <\/p>\n<p>Microfibre \u00e0 s\u00e9chage rapide<br \/>\nCeinture haute<br \/>\nEnti\u00e8rement imprim\u00e9e<\/p>\n","protected":false},"excerpt":{"rendered":"<p>Ceinture haute \u00e0 coupe droite pour activit\u00e9s d&#8217;intensit\u00e9 moyenne. Fabriqu\u00e9e en microfibre italienne JL l\u00e9g\u00e8re \u00e0 s\u00e9chage rapide, doubl\u00e9e. Les<\/p>\n","protected":false},"featured_media":83495,"template":"","meta":{"_seopress_robots_primary_cat":"","_seopress_titles_title":"","_seopress_titles_desc":"","_seopress_robots_index":""},"product_brand":[3616],"product_cat":[1390,81],"product_tag":[],"class_list":{"0":"post-479674","1":"product","2":"type-product","3":"status-publish","4":"has-post-thumbnail","6":"product_brand-crazy-fr","7":"product_cat-accessoires-dhabillement","8":"product_cat-vetements","9":"sws-gruppo-abb-libero-fr","10":"sws-conto-ricavi-merci-rivendita-abbigliamento-fr","11":"sws-gruppo-iva-iva81-fr","13":"first","14":"instock","15":"sale","16":"shipping-taxable","17":"product-type-variable"},"_links":{"self":[{"href":"https:\/\/lucacastelli.com\/fr\/wp-json\/wp\/v2\/product\/479674","targetHints":{"allow":["GET"]}}],"collection":[{"href":"https:\/\/lucacastelli.com\/fr\/wp-json\/wp\/v2\/product"}],"about":[{"href":"https:\/\/lucacastelli.com\/fr\/wp-json\/wp\/v2\/types\/product"}],"wp:featuredmedia":[{"embeddable":true,"href":"https:\/\/lucacastelli.com\/fr\/wp-json\/wp\/v2\/media\/83495"}],"wp:attachment":[{"href":"https:\/\/lucacastelli.com\/fr\/wp-json\/wp\/v2\/media?parent=479674"}],"wp:term":[{"taxonomy":"product_brand","embeddable":true,"href":"https:\/\/lucacastelli.com\/fr\/wp-json\/wp\/v2\/product_brand?post=479674"},{"taxonomy":"product_cat","embeddable":true,"href":"https:\/\/lucacastelli.com\/fr\/wp-json\/wp\/v2\/product_cat?post=479674"},{"taxonomy":"product_tag","embeddable":true,"href":"https:\/\/lucacastelli.com\/fr\/wp-json\/wp\/v2\/product_tag?post=479674"}],"curies":[{"name":"wp","href":"https:\/\/api.w.org\/{rel}","templated":true}]}}