{"id":479648,"date":"2025-04-07T16:53:00","date_gmt":"2025-04-07T14:53:00","guid":{"rendered":"https:\/\/lucacastelli.com\/prodotto\/crazy-interrupteur-de-capuchon-5\/"},"modified":"2026-03-01T00:25:29","modified_gmt":"2026-02-28T23:25:29","slug":"crazy-interrupteur-de-capuchon-5","status":"publish","type":"product","link":"https:\/\/lucacastelli.com\/fr\/produit\/crazy-interrupteur-de-capuchon-5\/","title":{"rendered":"CRAZY INTERRUPTEUR DE CAPUCHON"},"content":{"rendered":"<p>Bonnet pour les activit\u00e9s de plein air d\u2019intensit\u00e9 mod\u00e9r\u00e9e.<br \/>\nFabriqu\u00e9 en tissu HP 3D chaud, doux et respirant<br \/>\n &#8211; double couche sur le front, pour une double protection contre l\u2019air froid.<\/p>\n","protected":false},"excerpt":{"rendered":"<p>Bonnet pour les activit\u00e9s de plein air d\u2019intensit\u00e9 mod\u00e9r\u00e9e. Fabriqu\u00e9 en tissu HP 3D chaud, doux et respirant &#8211; double<\/p>\n","protected":false},"featured_media":405026,"template":"","meta":{"_seopress_robots_primary_cat":"","_seopress_titles_title":"","_seopress_titles_desc":"","_seopress_robots_index":""},"product_brand":[3616],"product_cat":[1390,81],"product_tag":[],"class_list":{"0":"post-479648","1":"product","2":"type-product","3":"status-publish","4":"has-post-thumbnail","6":"product_brand-crazy-fr","7":"product_cat-accessoires-dhabillement","8":"product_cat-vetements","9":"sws-gruppo-abb-libero-fr","10":"sws-conto-ricavi-merci-rivendita-abbigliamento-fr","11":"sws-gruppo-iva-iva81-fr","13":"first","14":"instock","15":"sale","16":"shipping-taxable","17":"product-type-variable"},"_links":{"self":[{"href":"https:\/\/lucacastelli.com\/fr\/wp-json\/wp\/v2\/product\/479648","targetHints":{"allow":["GET"]}}],"collection":[{"href":"https:\/\/lucacastelli.com\/fr\/wp-json\/wp\/v2\/product"}],"about":[{"href":"https:\/\/lucacastelli.com\/fr\/wp-json\/wp\/v2\/types\/product"}],"wp:featuredmedia":[{"embeddable":true,"href":"https:\/\/lucacastelli.com\/fr\/wp-json\/wp\/v2\/media\/405026"}],"wp:attachment":[{"href":"https:\/\/lucacastelli.com\/fr\/wp-json\/wp\/v2\/media?parent=479648"}],"wp:term":[{"taxonomy":"product_brand","embeddable":true,"href":"https:\/\/lucacastelli.com\/fr\/wp-json\/wp\/v2\/product_brand?post=479648"},{"taxonomy":"product_cat","embeddable":true,"href":"https:\/\/lucacastelli.com\/fr\/wp-json\/wp\/v2\/product_cat?post=479648"},{"taxonomy":"product_tag","embeddable":true,"href":"https:\/\/lucacastelli.com\/fr\/wp-json\/wp\/v2\/product_tag?post=479648"}],"curies":[{"name":"wp","href":"https:\/\/api.w.org\/{rel}","templated":true}]}}