{"id":479635,"date":"2025-04-07T16:53:00","date_gmt":"2025-04-07T14:53:00","guid":{"rendered":"https:\/\/lucacastelli.com\/prodotto\/crazy-commutateur-de-bande-4\/"},"modified":"2026-03-01T00:25:29","modified_gmt":"2026-02-28T23:25:29","slug":"crazy-commutateur-de-bande-4","status":"publish","type":"product","link":"https:\/\/lucacastelli.com\/fr\/produit\/crazy-commutateur-de-bande-4\/","title":{"rendered":"CRAZY COMMUTATEUR DE BANDE"},"content":{"rendered":"<p>Large gamme id\u00e9ale pour les activit\u00e9s a\u00e9robiques d\u2019intensit\u00e9 mod\u00e9r\u00e9e. Conception droite avec bords cousus et doubl\u00e9s.<br \/>\nFabriqu\u00e9 en polaire HP 3D chaude avec un tissage en nid d\u2019abeille qui favorise la respirabilit\u00e9. Les \u00e9l\u00e9gantes coutures plates de couleur contrast\u00e9e rendent les combinaisons de couleurs vivantes.  <\/p>\n","protected":false},"excerpt":{"rendered":"<p>Large gamme id\u00e9ale pour les activit\u00e9s a\u00e9robiques d\u2019intensit\u00e9 mod\u00e9r\u00e9e. Conception droite avec bords cousus et doubl\u00e9s. Fabriqu\u00e9 en polaire HP<\/p>\n","protected":false},"featured_media":404977,"template":"","meta":{"_seopress_robots_primary_cat":"","_seopress_titles_title":"","_seopress_titles_desc":"","_seopress_robots_index":""},"product_brand":[3616],"product_cat":[1390,81],"product_tag":[],"class_list":{"0":"post-479635","1":"product","2":"type-product","3":"status-publish","4":"has-post-thumbnail","6":"product_brand-crazy-fr","7":"product_cat-accessoires-dhabillement","8":"product_cat-vetements","9":"sws-gruppo-abb-libero-fr","10":"sws-conto-ricavi-merci-rivendita-abbigliamento-fr","11":"sws-gruppo-iva-iva81-fr","13":"first","14":"instock","15":"sale","16":"shipping-taxable","17":"product-type-variable"},"_links":{"self":[{"href":"https:\/\/lucacastelli.com\/fr\/wp-json\/wp\/v2\/product\/479635","targetHints":{"allow":["GET"]}}],"collection":[{"href":"https:\/\/lucacastelli.com\/fr\/wp-json\/wp\/v2\/product"}],"about":[{"href":"https:\/\/lucacastelli.com\/fr\/wp-json\/wp\/v2\/types\/product"}],"wp:featuredmedia":[{"embeddable":true,"href":"https:\/\/lucacastelli.com\/fr\/wp-json\/wp\/v2\/media\/404977"}],"wp:attachment":[{"href":"https:\/\/lucacastelli.com\/fr\/wp-json\/wp\/v2\/media?parent=479635"}],"wp:term":[{"taxonomy":"product_brand","embeddable":true,"href":"https:\/\/lucacastelli.com\/fr\/wp-json\/wp\/v2\/product_brand?post=479635"},{"taxonomy":"product_cat","embeddable":true,"href":"https:\/\/lucacastelli.com\/fr\/wp-json\/wp\/v2\/product_cat?post=479635"},{"taxonomy":"product_tag","embeddable":true,"href":"https:\/\/lucacastelli.com\/fr\/wp-json\/wp\/v2\/product_tag?post=479635"}],"curies":[{"name":"wp","href":"https:\/\/api.w.org\/{rel}","templated":true}]}}