{"id":479631,"date":"2025-04-07T16:53:00","date_gmt":"2025-04-07T16:53:00","guid":{"rendered":"https:\/\/lucacastelli.com\/prodotto\/crazy-commutateur-de-bande-3\/"},"modified":"2026-04-17T13:13:55","modified_gmt":"2026-04-17T11:13:55","slug":"crazy-commutateur-de-bande-3","status":"publish","type":"product","link":"https:\/\/lucacastelli.com\/fr\/produit\/crazy-commutateur-de-bande-3\/","title":{"rendered":"CRAZY COMMUTATEUR DE BANDE"},"content":{"rendered":"<p>Large bandeau id\u00e9al pour les activit\u00e9s a\u00e9robiques d\u2019intensit\u00e9 mod\u00e9r\u00e9e. Coupe droite avec bords cousus et doubl\u00e9s.<br \/>\nConfectionn\u00e9 en polaire chaude HP 3D avec une structure en nid d\u2019abeille favorisant la respirabilit\u00e9. Les coutures plates \u00e9l\u00e9gantes aux couleurs contrast\u00e9es dynamisent les combinaisons de couleurs.  <\/p>\n","protected":false},"excerpt":{"rendered":"<p>Large bandeau id\u00e9al pour les activit\u00e9s a\u00e9robiques d\u2019intensit\u00e9 mod\u00e9r\u00e9e. Coupe droite avec bords cousus et doubl\u00e9s. Confectionn\u00e9 en polaire chaude<\/p>\n","protected":false},"featured_media":404985,"template":"","meta":{"_seopress_robots_primary_cat":"","_seopress_titles_title":"","_seopress_titles_desc":"","_seopress_robots_index":""},"product_brand":[3616],"product_cat":[1390,81],"product_tag":[],"class_list":{"0":"post-479631","1":"product","2":"type-product","3":"status-publish","4":"has-post-thumbnail","6":"product_brand-crazy-fr","7":"product_cat-accessoires-dhabillement","8":"product_cat-vetements","9":"sws-gruppo-abb-libero-fr","10":"sws-conto-ricavi-merci-rivendita-abbigliamento-fr","11":"sws-gruppo-iva-iva81-fr","13":"first","14":"instock","15":"sale","16":"shipping-taxable","17":"purchasable","18":"product-type-variable"},"_links":{"self":[{"href":"https:\/\/lucacastelli.com\/fr\/wp-json\/wp\/v2\/product\/479631","targetHints":{"allow":["GET"]}}],"collection":[{"href":"https:\/\/lucacastelli.com\/fr\/wp-json\/wp\/v2\/product"}],"about":[{"href":"https:\/\/lucacastelli.com\/fr\/wp-json\/wp\/v2\/types\/product"}],"wp:featuredmedia":[{"embeddable":true,"href":"https:\/\/lucacastelli.com\/fr\/wp-json\/wp\/v2\/media\/404985"}],"wp:attachment":[{"href":"https:\/\/lucacastelli.com\/fr\/wp-json\/wp\/v2\/media?parent=479631"}],"wp:term":[{"taxonomy":"product_brand","embeddable":true,"href":"https:\/\/lucacastelli.com\/fr\/wp-json\/wp\/v2\/product_brand?post=479631"},{"taxonomy":"product_cat","embeddable":true,"href":"https:\/\/lucacastelli.com\/fr\/wp-json\/wp\/v2\/product_cat?post=479631"},{"taxonomy":"product_tag","embeddable":true,"href":"https:\/\/lucacastelli.com\/fr\/wp-json\/wp\/v2\/product_tag?post=479631"}],"curies":[{"name":"wp","href":"https:\/\/api.w.org\/{rel}","templated":true}]}}