{"id":479591,"date":"2025-04-07T16:53:00","date_gmt":"2025-04-07T14:53:00","guid":{"rendered":"https:\/\/lucacastelli.com\/prodotto\/crazy-bande-double\/"},"modified":"2026-03-01T00:25:26","modified_gmt":"2026-02-28T23:25:26","slug":"crazy-bande-double","status":"publish","type":"product","link":"https:\/\/lucacastelli.com\/fr\/produit\/crazy-bande-double\/","title":{"rendered":"CRAZY BANDE DOUBLE"},"content":{"rendered":"<p>Bandeau large \u00e0 double couche, \u00e0 coupe droite, id\u00e9al pour les activit\u00e9s a\u00e9robiques d\u2019intensit\u00e9 mod\u00e9r\u00e9e.<br \/>\nFabriqu\u00e9 en JL, un tissu en microfibre l\u00e9ger et \u00e0 s\u00e9chage rapide fabriqu\u00e9 en Italie. Un style unique gr\u00e2ce aux imprim\u00e9s qui rappellent notre collection femme. <\/p>\n<p>POIDS&nbsp;: 14 gr<\/p>\n","protected":false},"excerpt":{"rendered":"<p>Bandeau large \u00e0 double couche, \u00e0 coupe droite, id\u00e9al pour les activit\u00e9s a\u00e9robiques d\u2019intensit\u00e9 mod\u00e9r\u00e9e. Fabriqu\u00e9 en JL, un tissu<\/p>\n","protected":false},"featured_media":404922,"template":"","meta":{"_seopress_robots_primary_cat":"","_seopress_titles_title":"","_seopress_titles_desc":"","_seopress_robots_index":""},"product_brand":[3616],"product_cat":[1390,81],"product_tag":[],"class_list":{"0":"post-479591","1":"product","2":"type-product","3":"status-publish","4":"has-post-thumbnail","6":"product_brand-crazy-fr","7":"product_cat-accessoires-dhabillement","8":"product_cat-vetements","9":"sws-gruppo-abb-libero-fr","10":"sws-conto-ricavi-merci-rivendita-abbigliamento-fr","11":"sws-gruppo-iva-iva81-fr","13":"first","14":"instock","15":"sale","16":"shipping-taxable","17":"product-type-variable"},"_links":{"self":[{"href":"https:\/\/lucacastelli.com\/fr\/wp-json\/wp\/v2\/product\/479591","targetHints":{"allow":["GET"]}}],"collection":[{"href":"https:\/\/lucacastelli.com\/fr\/wp-json\/wp\/v2\/product"}],"about":[{"href":"https:\/\/lucacastelli.com\/fr\/wp-json\/wp\/v2\/types\/product"}],"wp:featuredmedia":[{"embeddable":true,"href":"https:\/\/lucacastelli.com\/fr\/wp-json\/wp\/v2\/media\/404922"}],"wp:attachment":[{"href":"https:\/\/lucacastelli.com\/fr\/wp-json\/wp\/v2\/media?parent=479591"}],"wp:term":[{"taxonomy":"product_brand","embeddable":true,"href":"https:\/\/lucacastelli.com\/fr\/wp-json\/wp\/v2\/product_brand?post=479591"},{"taxonomy":"product_cat","embeddable":true,"href":"https:\/\/lucacastelli.com\/fr\/wp-json\/wp\/v2\/product_cat?post=479591"},{"taxonomy":"product_tag","embeddable":true,"href":"https:\/\/lucacastelli.com\/fr\/wp-json\/wp\/v2\/product_tag?post=479591"}],"curies":[{"name":"wp","href":"https:\/\/api.w.org\/{rel}","templated":true}]}}