{"id":479587,"date":"2025-04-07T16:53:00","date_gmt":"2025-04-07T16:53:00","guid":{"rendered":"https:\/\/lucacastelli.com\/prodotto\/crazy-tension-de-bande\/"},"modified":"2026-04-17T13:12:01","modified_gmt":"2026-04-17T11:12:01","slug":"crazy-tension-de-bande","status":"publish","type":"product","link":"https:\/\/lucacastelli.com\/fr\/produit\/crazy-tension-de-bande\/","title":{"rendered":"CRAZY BAND VOLTAGE"},"content":{"rendered":"<p>Bandeau tr\u00e8s large \u00e0 coupe droite avec bords cousus et doubl\u00e9s. Id\u00e9al sous le casque et pour ceux qui ont beaucoup de cheveux.<br \/>\nFabriqu\u00e9 en Vuelta bross\u00e9, le tissu chaud made in Italy. <\/p>\n<p>POIDS : 22 g<\/p>\n","protected":false},"excerpt":{"rendered":"<p>Bandeau tr\u00e8s large \u00e0 coupe droite avec bords cousus et doubl\u00e9s. Id\u00e9al sous le casque et pour ceux qui ont<\/p>\n","protected":false},"featured_media":404913,"template":"","meta":{"_seopress_robots_primary_cat":"","_seopress_titles_title":"","_seopress_titles_desc":"","_seopress_robots_index":""},"product_brand":[3616],"product_cat":[1390,81],"product_tag":[],"class_list":{"0":"post-479587","1":"product","2":"type-product","3":"status-publish","4":"has-post-thumbnail","6":"product_brand-crazy-fr","7":"product_cat-accessoires-dhabillement","8":"product_cat-vetements","9":"sws-gruppo-abb-libero-fr","10":"sws-conto-ricavi-merci-rivendita-abbigliamento-fr","11":"sws-gruppo-iva-iva81-fr","13":"first","14":"instock","15":"sale","16":"shipping-taxable","17":"purchasable","18":"product-type-variable"},"_links":{"self":[{"href":"https:\/\/lucacastelli.com\/fr\/wp-json\/wp\/v2\/product\/479587","targetHints":{"allow":["GET"]}}],"collection":[{"href":"https:\/\/lucacastelli.com\/fr\/wp-json\/wp\/v2\/product"}],"about":[{"href":"https:\/\/lucacastelli.com\/fr\/wp-json\/wp\/v2\/types\/product"}],"wp:featuredmedia":[{"embeddable":true,"href":"https:\/\/lucacastelli.com\/fr\/wp-json\/wp\/v2\/media\/404913"}],"wp:attachment":[{"href":"https:\/\/lucacastelli.com\/fr\/wp-json\/wp\/v2\/media?parent=479587"}],"wp:term":[{"taxonomy":"product_brand","embeddable":true,"href":"https:\/\/lucacastelli.com\/fr\/wp-json\/wp\/v2\/product_brand?post=479587"},{"taxonomy":"product_cat","embeddable":true,"href":"https:\/\/lucacastelli.com\/fr\/wp-json\/wp\/v2\/product_cat?post=479587"},{"taxonomy":"product_tag","embeddable":true,"href":"https:\/\/lucacastelli.com\/fr\/wp-json\/wp\/v2\/product_tag?post=479587"}],"curies":[{"name":"wp","href":"https:\/\/api.w.org\/{rel}","templated":true}]}}