{"id":479570,"date":"2025-04-07T16:53:00","date_gmt":"2025-04-07T16:53:00","guid":{"rendered":"https:\/\/lucacastelli.com\/prodotto\/crazy-pant-barre-oblique-dans-le-dos\/"},"modified":"2026-04-17T23:18:53","modified_gmt":"2026-04-17T21:18:53","slug":"crazy-pant-barre-oblique-dans-le-dos","status":"publish","type":"product","link":"https:\/\/lucacastelli.com\/fr\/produit\/crazy-pant-barre-oblique-dans-le-dos\/","title":{"rendered":"CRAZY PANT BACKSLASH"},"content":{"rendered":"<p>Surpantalon au style unique avec imprim\u00e9 denim, id\u00e9al pour le ski-alpinisme et les activit\u00e9s en montagne.<br \/>\nTissu softshell bi-\u00e9lastique haute performance avec membrane hydrofuge et coupe-vent.<br \/>\nLes fermetures \u00e9clair lat\u00e9rales sur toute la longueur facilitent l&#8217;enfilage du pantalon, m\u00eame avec les skis aux pieds : confort et s\u00e9curit\u00e9 garantis m\u00eame lors de la travers\u00e9e d&#8217;un glacier.<\/p>\n<p>\u2022 Softshell bi-\u00e9lastique haute performance avec membrane hydrofuge et coupe-vent<br \/>\n\u2022 Fermetures \u00e9clair lat\u00e9rales sur toute la longueur<br \/>\n\u2022 \u00c9lastique \u00ab full-grip \u00bb aux chevilles<br \/>\n\u2022 Ceinture \u00e9lastique<\/p>\n<p>Poids : 347 g<\/p>\n","protected":false},"excerpt":{"rendered":"<p>Surpantalon au style unique avec imprim\u00e9 denim, id\u00e9al pour le ski-alpinisme et les activit\u00e9s en montagne. Tissu softshell bi-\u00e9lastique haute<\/p>\n","protected":false},"featured_media":404875,"template":"","meta":{"_seopress_robots_primary_cat":"none","_seopress_titles_title":"","_seopress_titles_desc":"","_seopress_robots_index":""},"product_brand":[3616],"product_cat":[81,981,982],"product_tag":[],"class_list":{"0":"post-479570","1":"product","2":"type-product","3":"status-publish","4":"has-post-thumbnail","6":"product_brand-crazy-fr","7":"product_cat-vetements","8":"product_cat-vetements-de-loisirs","9":"product_cat-vetements-pour-hommes","10":"sws-gruppo-abb-libero-fr","11":"sws-conto-ricavi-merci-rivendita-abbigliamento-fr","12":"sws-gruppo-iva-iva81-fr","14":"first","15":"instock","16":"sale","17":"shipping-taxable","18":"purchasable","19":"product-type-variable"},"_links":{"self":[{"href":"https:\/\/lucacastelli.com\/fr\/wp-json\/wp\/v2\/product\/479570","targetHints":{"allow":["GET"]}}],"collection":[{"href":"https:\/\/lucacastelli.com\/fr\/wp-json\/wp\/v2\/product"}],"about":[{"href":"https:\/\/lucacastelli.com\/fr\/wp-json\/wp\/v2\/types\/product"}],"wp:featuredmedia":[{"embeddable":true,"href":"https:\/\/lucacastelli.com\/fr\/wp-json\/wp\/v2\/media\/404875"}],"wp:attachment":[{"href":"https:\/\/lucacastelli.com\/fr\/wp-json\/wp\/v2\/media?parent=479570"}],"wp:term":[{"taxonomy":"product_brand","embeddable":true,"href":"https:\/\/lucacastelli.com\/fr\/wp-json\/wp\/v2\/product_brand?post=479570"},{"taxonomy":"product_cat","embeddable":true,"href":"https:\/\/lucacastelli.com\/fr\/wp-json\/wp\/v2\/product_cat?post=479570"},{"taxonomy":"product_tag","embeddable":true,"href":"https:\/\/lucacastelli.com\/fr\/wp-json\/wp\/v2\/product_tag?post=479570"}],"curies":[{"name":"wp","href":"https:\/\/api.w.org\/{rel}","templated":true}]}}