{"id":479566,"date":"2025-04-07T16:53:00","date_gmt":"2025-04-07T14:53:00","guid":{"rendered":"https:\/\/lucacastelli.com\/prodotto\/crazy-pant-falls-2\/"},"modified":"2026-03-01T00:25:32","modified_gmt":"2026-02-28T23:25:32","slug":"crazy-pant-falls-2","status":"publish","type":"product","link":"https:\/\/lucacastelli.com\/fr\/produit\/crazy-pant-falls-2\/","title":{"rendered":"CRAZY PANT FALLS"},"content":{"rendered":"<p>Le pantalon Pant Falls fait partie de la combinaison de course deux pi\u00e8ces.<br \/>\nLe pantalon a une coupe ajust\u00e9e qui est particuli\u00e8rement confortable pour les activit\u00e9s intenses et \u00e9galement tr\u00e8s esth\u00e9tique.<br \/>\nLa ceinture est \u00e9quip\u00e9e d\u2019un \u00e9lastique haut avec des boutons pour faciliter la fixation au Pull. La gu\u00eatre \u00e9lastique sur le fond est fabriqu\u00e9e en tissu Schoeller Work durable avec renfort pour la protection de la lame. <\/p>\n<p>\u2022 Large ceinture avec petite poche arri\u00e8re, s\u00e9curis\u00e9e par une fermeture \u00e9clair ultra-basse<br \/>\n\u2022 Ceinture sup\u00e9rieure avec boutons pour fixer les pi\u00e8ces<br \/>\n\u2022 Gu\u00eatres bi-\u00e9lastiques robustes avec renforts contre les bords des skis et poign\u00e9e en silicone<br \/>\n\u2022 Crochets pour chaussures<\/p>\n<p>POIDS&nbsp;: 205 gr<\/p>\n","protected":false},"excerpt":{"rendered":"<p>Le pantalon Pant Falls fait partie de la combinaison de course deux pi\u00e8ces. Le pantalon a une coupe ajust\u00e9e qui<\/p>\n","protected":false},"featured_media":404848,"template":"","meta":{"_seopress_robots_primary_cat":"","_seopress_titles_title":"","_seopress_titles_desc":"","_seopress_robots_index":""},"product_brand":[3616],"product_cat":[81,981,1387],"product_tag":[],"class_list":{"0":"post-479566","1":"product","2":"type-product","3":"status-publish","4":"has-post-thumbnail","6":"product_brand-crazy-fr","7":"product_cat-vetements","8":"product_cat-vetements-de-loisirs","9":"product_cat-vetements-pour-femmes","10":"sws-gruppo-abb-libero-fr","11":"sws-conto-ricavi-merci-rivendita-abbigliamento-fr","12":"sws-gruppo-iva-iva81-fr","14":"first","15":"instock","16":"sale","17":"shipping-taxable","18":"product-type-variable"},"_links":{"self":[{"href":"https:\/\/lucacastelli.com\/fr\/wp-json\/wp\/v2\/product\/479566","targetHints":{"allow":["GET"]}}],"collection":[{"href":"https:\/\/lucacastelli.com\/fr\/wp-json\/wp\/v2\/product"}],"about":[{"href":"https:\/\/lucacastelli.com\/fr\/wp-json\/wp\/v2\/types\/product"}],"wp:featuredmedia":[{"embeddable":true,"href":"https:\/\/lucacastelli.com\/fr\/wp-json\/wp\/v2\/media\/404848"}],"wp:attachment":[{"href":"https:\/\/lucacastelli.com\/fr\/wp-json\/wp\/v2\/media?parent=479566"}],"wp:term":[{"taxonomy":"product_brand","embeddable":true,"href":"https:\/\/lucacastelli.com\/fr\/wp-json\/wp\/v2\/product_brand?post=479566"},{"taxonomy":"product_cat","embeddable":true,"href":"https:\/\/lucacastelli.com\/fr\/wp-json\/wp\/v2\/product_cat?post=479566"},{"taxonomy":"product_tag","embeddable":true,"href":"https:\/\/lucacastelli.com\/fr\/wp-json\/wp\/v2\/product_tag?post=479566"}],"curies":[{"name":"wp","href":"https:\/\/api.w.org\/{rel}","templated":true}]}}