{"id":479525,"date":"2025-04-07T16:53:00","date_gmt":"2025-04-07T14:53:00","guid":{"rendered":"https:\/\/lucacastelli.com\/prodotto\/crazy-pant-joker\/"},"modified":"2026-03-01T00:25:30","modified_gmt":"2026-02-28T23:25:30","slug":"crazy-pant-joker","status":"publish","type":"product","link":"https:\/\/lucacastelli.com\/fr\/produit\/crazy-pant-joker\/","title":{"rendered":"CRAZY PANT JOKER"},"content":{"rendered":"<p>Pantalon confortable pour la ville, les loisirs et m\u00eame adapt\u00e9 \u00e0 l\u2019escalade sportive. Ce pantalon est l\u2019une des ic\u00f4nes de la collection lifestyle de Crazy. La coupe jeune et les couleurs toujours \u00e0 la mode sont les secrets du succ\u00e8s de ce mod\u00e8le iconique.<br \/>\nFabriqu\u00e9 \u00e0 partir de diff\u00e9rents tissus en fonction de la variante de couleur&nbsp;; du coton Performance au denim, en passant par le velours chaud.  <\/p>\n<p>\u2022 Ceinture \u00e9lastique confortable avec cordon de serrage r\u00e9glable<br \/>\n\u2022 Deux grandes poches avant et une poche arri\u00e8re<br \/>\n\u2022 Cordon de serrage \u00e9lastique r\u00e9glable au bas de la jambe<\/p>\n<p>POIDS&nbsp;: 504 gr<\/p>\n","protected":false},"excerpt":{"rendered":"<p>Pantalon confortable pour la ville, les loisirs et m\u00eame adapt\u00e9 \u00e0 l\u2019escalade sportive. Ce pantalon est l\u2019une des ic\u00f4nes de<\/p>\n","protected":false},"featured_media":404820,"template":"","meta":{"_seopress_robots_primary_cat":"","_seopress_titles_title":"","_seopress_titles_desc":"","_seopress_robots_index":""},"product_brand":[3616],"product_cat":[81,981,982],"product_tag":[],"class_list":{"0":"post-479525","1":"product","2":"type-product","3":"status-publish","4":"has-post-thumbnail","6":"product_brand-crazy-fr","7":"product_cat-vetements","8":"product_cat-vetements-de-loisirs","9":"product_cat-vetements-pour-hommes","10":"sws-gruppo-abb-libero-fr","11":"sws-conto-ricavi-merci-rivendita-abbigliamento-fr","12":"sws-gruppo-iva-iva81-fr","14":"first","15":"instock","16":"sale","17":"shipping-taxable","18":"product-type-variable"},"_links":{"self":[{"href":"https:\/\/lucacastelli.com\/fr\/wp-json\/wp\/v2\/product\/479525","targetHints":{"allow":["GET"]}}],"collection":[{"href":"https:\/\/lucacastelli.com\/fr\/wp-json\/wp\/v2\/product"}],"about":[{"href":"https:\/\/lucacastelli.com\/fr\/wp-json\/wp\/v2\/types\/product"}],"wp:featuredmedia":[{"embeddable":true,"href":"https:\/\/lucacastelli.com\/fr\/wp-json\/wp\/v2\/media\/404820"}],"wp:attachment":[{"href":"https:\/\/lucacastelli.com\/fr\/wp-json\/wp\/v2\/media?parent=479525"}],"wp:term":[{"taxonomy":"product_brand","embeddable":true,"href":"https:\/\/lucacastelli.com\/fr\/wp-json\/wp\/v2\/product_brand?post=479525"},{"taxonomy":"product_cat","embeddable":true,"href":"https:\/\/lucacastelli.com\/fr\/wp-json\/wp\/v2\/product_cat?post=479525"},{"taxonomy":"product_tag","embeddable":true,"href":"https:\/\/lucacastelli.com\/fr\/wp-json\/wp\/v2\/product_tag?post=479525"}],"curies":[{"name":"wp","href":"https:\/\/api.w.org\/{rel}","templated":true}]}}