{"id":479515,"date":"2025-04-07T16:53:00","date_gmt":"2025-04-07T14:53:00","guid":{"rendered":"https:\/\/lucacastelli.com\/prodotto\/crazy-gulliver-a-manches-longues-2\/"},"modified":"2026-03-01T00:25:36","modified_gmt":"2026-02-28T23:25:36","slug":"crazy-gulliver-a-manches-longues-2","status":"publish","type":"product","link":"https:\/\/lucacastelli.com\/fr\/produit\/crazy-gulliver-a-manches-longues-2\/","title":{"rendered":"CRAZY GULLIVER \u00c0 MANCHES LONGUES"},"content":{"rendered":"<p>Maillot \u00e0 manches longues pour tous les moments de loisirs : m\u00eame les fans d\u2019une marque technique et orient\u00e9e vers l\u2019action comme Crazy ont besoin de d\u00e9tente et de repos.<br \/>\nNotre collection lifestyle se distingue par sa combinaison de couleurs et son confort.<br \/>\nM\u00eame pour ces v\u00eatements, qui ne sont pas sp\u00e9cifiquement destin\u00e9s \u00e0 des applications techniques, le tissu a \u00e9t\u00e9 s\u00e9lectionn\u00e9 avec un soin scrupuleux : il ne s\u2019agit pas d\u2019un coton ordinaire, mais d\u2019un coton Performance de qualit\u00e9, un tissu qui conserve toujours sa forme d\u2019origine.<\/p>\n<p>\u2022 Coutures de couleur<br \/>\n contrast\u00e9e\u2022 S\u00e9rigraphie<\/p>\n<p>POIDS&nbsp;: 212 gr<\/p>\n","protected":false},"excerpt":{"rendered":"<p>Maillot \u00e0 manches longues pour tous les moments de loisirs : m\u00eame les fans d\u2019une marque technique et orient\u00e9e vers<\/p>\n","protected":false},"featured_media":404788,"template":"","meta":{"_seopress_robots_primary_cat":"","_seopress_titles_title":"","_seopress_titles_desc":"","_seopress_robots_index":""},"product_brand":[3616],"product_cat":[81,981,982],"product_tag":[],"class_list":{"0":"post-479515","1":"product","2":"type-product","3":"status-publish","4":"has-post-thumbnail","6":"product_brand-crazy-fr","7":"product_cat-vetements","8":"product_cat-vetements-de-loisirs","9":"product_cat-vetements-pour-hommes","10":"sws-gruppo-abb-libero-fr","11":"sws-conto-ricavi-merci-rivendita-abbigliamento-fr","12":"sws-gruppo-iva-iva81-fr","14":"first","15":"instock","16":"sale","17":"shipping-taxable","18":"product-type-variable"},"_links":{"self":[{"href":"https:\/\/lucacastelli.com\/fr\/wp-json\/wp\/v2\/product\/479515","targetHints":{"allow":["GET"]}}],"collection":[{"href":"https:\/\/lucacastelli.com\/fr\/wp-json\/wp\/v2\/product"}],"about":[{"href":"https:\/\/lucacastelli.com\/fr\/wp-json\/wp\/v2\/types\/product"}],"wp:featuredmedia":[{"embeddable":true,"href":"https:\/\/lucacastelli.com\/fr\/wp-json\/wp\/v2\/media\/404788"}],"wp:attachment":[{"href":"https:\/\/lucacastelli.com\/fr\/wp-json\/wp\/v2\/media?parent=479515"}],"wp:term":[{"taxonomy":"product_brand","embeddable":true,"href":"https:\/\/lucacastelli.com\/fr\/wp-json\/wp\/v2\/product_brand?post=479515"},{"taxonomy":"product_cat","embeddable":true,"href":"https:\/\/lucacastelli.com\/fr\/wp-json\/wp\/v2\/product_cat?post=479515"},{"taxonomy":"product_tag","embeddable":true,"href":"https:\/\/lucacastelli.com\/fr\/wp-json\/wp\/v2\/product_tag?post=479515"}],"curies":[{"name":"wp","href":"https:\/\/api.w.org\/{rel}","templated":true}]}}