{"id":479482,"date":"2025-04-07T16:53:00","date_gmt":"2025-04-07T14:53:00","guid":{"rendered":"https:\/\/lucacastelli.com\/prodotto\/crazy-pant-apres\/"},"modified":"2026-03-01T00:25:36","modified_gmt":"2026-02-28T23:25:36","slug":"crazy-pant-apres","status":"publish","type":"product","link":"https:\/\/lucacastelli.com\/fr\/produit\/crazy-pant-apres\/","title":{"rendered":"CRAZY PANT APR\u00c8S"},"content":{"rendered":"<p>Le pantalon After se porte pendant les loisirs, lors des promenades et m\u00eame lors des voyages en ville, mais de nombreux amateurs d\u2019escalade l\u2019utilisent pour l\u2019escalade, \u00e0 l\u2019ext\u00e9rieur comme \u00e0 l\u2019int\u00e9rieur, gr\u00e2ce \u00e0 son confort et \u00e0 sa l\u00e9g\u00e8ret\u00e9.<br \/>\nIl est compos\u00e9 de diff\u00e9rents tissus en fonction de la variante de couleur, allant du coton extensible durable au denim et m\u00eame au velours chaud.<\/p>\n<p>\u2022 Taille haute confortable, confortable m\u00eame avec un harnais<br \/>\n\u2022 Ouvertures r\u00e9glables sur les jambes avec cordon \u00e9lastique<br \/>\n\u2022 Ajustement et confort pour les loisirs<br \/>\n\u2022 Poches d\u00e9cor\u00e9es de motifs brod\u00e9s<\/p>\n<p>POIDS&nbsp;: 420 gr<\/p>\n","protected":false},"excerpt":{"rendered":"<p>Le pantalon After se porte pendant les loisirs, lors des promenades et m\u00eame lors des voyages en ville, mais de<\/p>\n","protected":false},"featured_media":404774,"template":"","meta":{"_seopress_robots_primary_cat":"","_seopress_titles_title":"","_seopress_titles_desc":"","_seopress_robots_index":""},"product_brand":[3616],"product_cat":[81,981,1387],"product_tag":[],"class_list":{"0":"post-479482","1":"product","2":"type-product","3":"status-publish","4":"has-post-thumbnail","6":"product_brand-crazy-fr","7":"product_cat-vetements","8":"product_cat-vetements-de-loisirs","9":"product_cat-vetements-pour-femmes","10":"sws-gruppo-abb-libero-fr","11":"sws-conto-ricavi-merci-rivendita-abbigliamento-fr","12":"sws-gruppo-iva-iva81-fr","14":"first","15":"instock","16":"sale","17":"shipping-taxable","18":"product-type-variable"},"_links":{"self":[{"href":"https:\/\/lucacastelli.com\/fr\/wp-json\/wp\/v2\/product\/479482","targetHints":{"allow":["GET"]}}],"collection":[{"href":"https:\/\/lucacastelli.com\/fr\/wp-json\/wp\/v2\/product"}],"about":[{"href":"https:\/\/lucacastelli.com\/fr\/wp-json\/wp\/v2\/types\/product"}],"wp:featuredmedia":[{"embeddable":true,"href":"https:\/\/lucacastelli.com\/fr\/wp-json\/wp\/v2\/media\/404774"}],"wp:attachment":[{"href":"https:\/\/lucacastelli.com\/fr\/wp-json\/wp\/v2\/media?parent=479482"}],"wp:term":[{"taxonomy":"product_brand","embeddable":true,"href":"https:\/\/lucacastelli.com\/fr\/wp-json\/wp\/v2\/product_brand?post=479482"},{"taxonomy":"product_cat","embeddable":true,"href":"https:\/\/lucacastelli.com\/fr\/wp-json\/wp\/v2\/product_cat?post=479482"},{"taxonomy":"product_tag","embeddable":true,"href":"https:\/\/lucacastelli.com\/fr\/wp-json\/wp\/v2\/product_tag?post=479482"}],"curies":[{"name":"wp","href":"https:\/\/api.w.org\/{rel}","templated":true}]}}