{"id":479476,"date":"2025-04-07T16:53:00","date_gmt":"2025-04-07T14:53:00","guid":{"rendered":"https:\/\/lucacastelli.com\/prodotto\/crazy-pant-4\/"},"modified":"2026-03-01T00:25:35","modified_gmt":"2026-02-28T23:25:35","slug":"crazy-pant-4","status":"publish","type":"product","link":"https:\/\/lucacastelli.com\/fr\/produit\/crazy-pant-4\/","title":{"rendered":"CRAZY PANT"},"content":{"rendered":"<p>C\u2019\u00e9tait le premier v\u00eatement de la ligne lifestyle de Crazy et aujourd\u2019hui, il est devenu une ic\u00f4ne, de plus en plus utilis\u00e9 pour les activit\u00e9s de loisirs.<br \/>\nProduit en diff\u00e9rents tissus en fonction de la variante de couleur&nbsp;; du coton extensible durable au denim et m\u00eame au velours chaud.<\/p>\n<p>\u2022 Coupe et confort pour les loisirs<br \/>\n\u2022 Ceinture r\u00e9glable<br \/>\n\u2022 Logos brod\u00e9s contrast\u00e9s<br \/>\n\u2022 Poches d\u00e9cor\u00e9es de motifs<\/p>\n<p>brod\u00e9s POIDS&nbsp;: 420 gr<\/p>\n","protected":false},"excerpt":{"rendered":"<p>C\u2019\u00e9tait le premier v\u00eatement de la ligne lifestyle de Crazy et aujourd\u2019hui, il est devenu une ic\u00f4ne, de plus en<\/p>\n","protected":false},"featured_media":404728,"template":"","meta":{"_seopress_robots_primary_cat":"","_seopress_titles_title":"","_seopress_titles_desc":"","_seopress_robots_index":""},"product_brand":[3616],"product_cat":[81,981,1387],"product_tag":[],"class_list":{"0":"post-479476","1":"product","2":"type-product","3":"status-publish","4":"has-post-thumbnail","6":"product_brand-crazy-fr","7":"product_cat-vetements","8":"product_cat-vetements-de-loisirs","9":"product_cat-vetements-pour-femmes","10":"sws-gruppo-abb-libero-fr","11":"sws-conto-ricavi-merci-rivendita-abbigliamento-fr","12":"sws-gruppo-iva-iva81-fr","14":"first","15":"instock","16":"sale","17":"shipping-taxable","18":"product-type-variable"},"_links":{"self":[{"href":"https:\/\/lucacastelli.com\/fr\/wp-json\/wp\/v2\/product\/479476","targetHints":{"allow":["GET"]}}],"collection":[{"href":"https:\/\/lucacastelli.com\/fr\/wp-json\/wp\/v2\/product"}],"about":[{"href":"https:\/\/lucacastelli.com\/fr\/wp-json\/wp\/v2\/types\/product"}],"wp:featuredmedia":[{"embeddable":true,"href":"https:\/\/lucacastelli.com\/fr\/wp-json\/wp\/v2\/media\/404728"}],"wp:attachment":[{"href":"https:\/\/lucacastelli.com\/fr\/wp-json\/wp\/v2\/media?parent=479476"}],"wp:term":[{"taxonomy":"product_brand","embeddable":true,"href":"https:\/\/lucacastelli.com\/fr\/wp-json\/wp\/v2\/product_brand?post=479476"},{"taxonomy":"product_cat","embeddable":true,"href":"https:\/\/lucacastelli.com\/fr\/wp-json\/wp\/v2\/product_cat?post=479476"},{"taxonomy":"product_tag","embeddable":true,"href":"https:\/\/lucacastelli.com\/fr\/wp-json\/wp\/v2\/product_tag?post=479476"}],"curies":[{"name":"wp","href":"https:\/\/api.w.org\/{rel}","templated":true}]}}