{"id":479453,"date":"2022-11-07T10:40:25","date_gmt":"2022-11-07T09:40:25","guid":{"rendered":"https:\/\/lucacastelli.com\/?post_type=product&#038;p=479453"},"modified":"2026-04-18T01:25:33","modified_gmt":"2026-04-17T23:25:33","slug":"crazy-gilet-vengeur","status":"publish","type":"product","link":"https:\/\/lucacastelli.com\/fr\/produit\/crazy-gilet-vengeur\/","title":{"rendered":"GILET CRAZY AVENGER"},"content":{"rendered":"<p>Gilet hybride technique pour l&#8217;activit\u00e9 outdoor \u00e0 intensit\u00e9 moyenne\/\u00e9lev\u00e9e. Excellent pour le ski-alpinisme lors des journ\u00e9es particuli\u00e8rement venteuses, ou lorsqu&#8217;une troisi\u00e8me couche \u00e0 manches longues serait excessive. S&#8217;il est vrai que les d\u00e9tails font la diff\u00e9rence, vous appr\u00e9cierez l&#8217;\u00e9tude et le soin apport\u00e9s au savant m\u00e9lange de tissus avec lequel ce v\u00eatement technique est con\u00e7u. Il est fabriqu\u00e9 en tissu Two Face, plus chaud avec moins de volume, respirant. La partie avant est en Endurance avec traitement d\u00e9perlant DWR et propri\u00e9t\u00e9s coupe-vent et d&#8217;autres inserts en polaire respirante. Ouverture frontale avec zip, col haut ajust\u00e9, poches avec fermeture zip, bas \u00e9lastique sont les principales caract\u00e9ristiques.     <\/p>\n<p>gilet hybride avec zip ouvrable<br \/>\ncol haut ajust\u00e9<br \/>\npoches avec zip de fermeture<br \/>\ntissu lat\u00e9ral plus l\u00e9ger et respirant<br \/>\nbas \u00e9lastique<\/p>\n","protected":false},"excerpt":{"rendered":"<p>Gilet hybride technique pour l&#8217;activit\u00e9 outdoor \u00e0 intensit\u00e9 moyenne\/\u00e9lev\u00e9e. Excellent pour le ski-alpinisme lors des journ\u00e9es particuli\u00e8rement venteuses, ou lorsqu&#8217;une<\/p>\n","protected":false},"featured_media":83485,"template":"","meta":{"_seopress_robots_primary_cat":"","_seopress_titles_title":"","_seopress_titles_desc":"","_seopress_robots_index":""},"product_brand":[3616],"product_cat":[81,981,982],"product_tag":[],"class_list":{"0":"post-479453","1":"product","2":"type-product","3":"status-publish","4":"has-post-thumbnail","6":"product_brand-crazy-fr","7":"product_cat-vetements","8":"product_cat-vetements-de-loisirs","9":"product_cat-vetements-pour-hommes","10":"sws-gruppo-abb-libero-fr","11":"sws-conto-ricavi-merci-rivendita-abbigliamento-fr","12":"sws-gruppo-iva-iva81-fr","14":"first","15":"instock","16":"sale","17":"shipping-taxable","18":"product-type-variable"},"_links":{"self":[{"href":"https:\/\/lucacastelli.com\/fr\/wp-json\/wp\/v2\/product\/479453","targetHints":{"allow":["GET"]}}],"collection":[{"href":"https:\/\/lucacastelli.com\/fr\/wp-json\/wp\/v2\/product"}],"about":[{"href":"https:\/\/lucacastelli.com\/fr\/wp-json\/wp\/v2\/types\/product"}],"wp:featuredmedia":[{"embeddable":true,"href":"https:\/\/lucacastelli.com\/fr\/wp-json\/wp\/v2\/media\/83485"}],"wp:attachment":[{"href":"https:\/\/lucacastelli.com\/fr\/wp-json\/wp\/v2\/media?parent=479453"}],"wp:term":[{"taxonomy":"product_brand","embeddable":true,"href":"https:\/\/lucacastelli.com\/fr\/wp-json\/wp\/v2\/product_brand?post=479453"},{"taxonomy":"product_cat","embeddable":true,"href":"https:\/\/lucacastelli.com\/fr\/wp-json\/wp\/v2\/product_cat?post=479453"},{"taxonomy":"product_tag","embeddable":true,"href":"https:\/\/lucacastelli.com\/fr\/wp-json\/wp\/v2\/product_tag?post=479453"}],"curies":[{"name":"wp","href":"https:\/\/api.w.org\/{rel}","templated":true}]}}