{"id":479450,"date":"2022-10-05T15:14:49","date_gmt":"2022-10-05T13:14:49","guid":{"rendered":"https:\/\/lucacastelli.com\/?post_type=product&#038;p=479450"},"modified":"2026-04-15T00:01:59","modified_gmt":"2026-04-14T22:01:59","slug":"crazy-pull-ionic-9","status":"publish","type":"product","link":"https:\/\/lucacastelli.com\/fr\/produit\/crazy-pull-ionic-9\/","title":{"rendered":"CRAZY PULL IONIC"},"content":{"rendered":"<p>Le pull \u00e0 capuche Ionic est le symbole et le best-seller de la collection du m\u00eame nom con\u00e7ue pour le ski de randonn\u00e9e et les sports d\u2019intensit\u00e9 moyenne. Mod\u00e8le iconique et historique d\u2019une grande polyvalence, il est recommand\u00e9 comme couche interm\u00e9diaire lors des journ\u00e9es particuli\u00e8rement froides, ou comme couche d\u2019ext\u00e9rieur \u00e0 la mi-saison. Le grand succ\u00e8s est certainement d\u00fb au look, frais, jeune et captivant. Il est enti\u00e8rement produit avec la polaire 3D haute performance \u00e9prouv\u00e9e avec des cellules en nid d\u2019abeille qui garantissent une grande respirabilit\u00e9, le tissu \u00e0 l\u2019int\u00e9rieur a un traitement au graph\u00e8ne avec des propri\u00e9t\u00e9s thermor\u00e9gulatrices, r\u00e9sistantes \u00e0 l\u2019usure, antistatiques et bact\u00e9riostatiques. Coupe athl\u00e9tique, capuche avec bord \u00e9lastique, ouverture zipp\u00e9e sur le devant, passepoil \u00e9lastique sur les poignets et les poches, soulignent son caract\u00e8re dynamique.    <\/p>\n<p>sweat-shirt \u00e0 capuche avec bord \u00e9lastique Poches<br \/>\npour les mains zipp\u00e9es enti\u00e8rement divisibles<br \/>\nsur le devant avec passepoil \u00e9lastique Tissu int\u00e9rieur<br \/>\navec traitement Graph\u00e8ne<\/p>\n","protected":false},"excerpt":{"rendered":"<p>Le pull \u00e0 capuche Ionic est le symbole et le best-seller de la collection du m\u00eame nom con\u00e7ue pour le<\/p>\n","protected":false},"featured_media":82937,"template":"","meta":{"_seopress_robots_primary_cat":"","_seopress_titles_title":"","_seopress_titles_desc":"","_seopress_robots_index":""},"product_brand":[3616],"product_cat":[81,981,1387],"product_tag":[],"class_list":{"0":"post-479450","1":"product","2":"type-product","3":"status-publish","4":"has-post-thumbnail","6":"product_brand-crazy-fr","7":"product_cat-vetements","8":"product_cat-vetements-de-loisirs","9":"product_cat-vetements-pour-femmes","10":"sws-gruppo-abb-libero-fr","11":"sws-conto-ricavi-merci-rivendita-abbigliamento-fr","12":"sws-gruppo-iva-iva81-fr","14":"first","15":"instock","16":"sale","17":"shipping-taxable","18":"purchasable","19":"product-type-variable"},"_links":{"self":[{"href":"https:\/\/lucacastelli.com\/fr\/wp-json\/wp\/v2\/product\/479450","targetHints":{"allow":["GET"]}}],"collection":[{"href":"https:\/\/lucacastelli.com\/fr\/wp-json\/wp\/v2\/product"}],"about":[{"href":"https:\/\/lucacastelli.com\/fr\/wp-json\/wp\/v2\/types\/product"}],"wp:featuredmedia":[{"embeddable":true,"href":"https:\/\/lucacastelli.com\/fr\/wp-json\/wp\/v2\/media\/82937"}],"wp:attachment":[{"href":"https:\/\/lucacastelli.com\/fr\/wp-json\/wp\/v2\/media?parent=479450"}],"wp:term":[{"taxonomy":"product_brand","embeddable":true,"href":"https:\/\/lucacastelli.com\/fr\/wp-json\/wp\/v2\/product_brand?post=479450"},{"taxonomy":"product_cat","embeddable":true,"href":"https:\/\/lucacastelli.com\/fr\/wp-json\/wp\/v2\/product_cat?post=479450"},{"taxonomy":"product_tag","embeddable":true,"href":"https:\/\/lucacastelli.com\/fr\/wp-json\/wp\/v2\/product_tag?post=479450"}],"curies":[{"name":"wp","href":"https:\/\/api.w.org\/{rel}","templated":true}]}}