{"id":479432,"date":"2022-10-20T07:39:25","date_gmt":"2022-10-20T05:39:25","guid":{"rendered":"https:\/\/lucacastelli.com\/?post_type=product&#038;p=479432"},"modified":"2026-04-18T01:28:26","modified_gmt":"2026-04-17T23:28:26","slug":"crazy-blouson-absolution","status":"publish","type":"product","link":"https:\/\/lucacastelli.com\/fr\/produit\/crazy-blouson-absolution\/","title":{"rendered":"VESTE CRAZY ABSOLUTION"},"content":{"rendered":"<p>Veste hybride \u00e0 haute thermicit\u00e9 avec capuche. Excellente troisi\u00e8me couche, chaude avec protection frontale en nylon, look attrayant, id\u00e9ale pour les loisirs en plein air. Elle est fabriqu\u00e9e en fourrure synth\u00e9tique \u00ab&nbsp;Fluffy Warm&nbsp;\u00bb douce et chaude, avec une seconde couche en nylon Toray d\u00e9perlant et coupe-vent sur la poitrine. L\u2019arri\u00e8re des manches, les dessous de bras et le bas sont en tissu technique HP, chaud et respirant. Capuche avec bord \u00e9lastique, poches zipp\u00e9es, poche de poitrine et large bord \u00e9lastique aux poignets.    <\/p>\n<p>veste hybride avec capuche<br \/>\npoches zipp\u00e9es<br \/>\nbords \u00e9lastiques sur la capuche et aux poignets<\/p>\n","protected":false},"excerpt":{"rendered":"<p>Veste hybride \u00e0 haute thermicit\u00e9 avec capuche. Excellente troisi\u00e8me couche, chaude avec protection frontale en nylon, look attrayant, id\u00e9ale pour<\/p>\n","protected":false},"featured_media":83183,"template":"","meta":{"_seopress_robots_primary_cat":"none","_seopress_titles_title":"","_seopress_titles_desc":"","_seopress_robots_index":""},"product_brand":[3616],"product_cat":[81,981,982],"product_tag":[],"class_list":{"0":"post-479432","1":"product","2":"type-product","3":"status-publish","4":"has-post-thumbnail","6":"product_brand-crazy-fr","7":"product_cat-vetements","8":"product_cat-vetements-de-loisirs","9":"product_cat-vetements-pour-hommes","10":"sws-gruppo-abb-libero-fr","11":"sws-conto-ricavi-merci-rivendita-abbigliamento-fr","12":"sws-gruppo-iva-iva81-fr","14":"first","15":"instock","16":"sale","17":"shipping-taxable","18":"product-type-variable"},"_links":{"self":[{"href":"https:\/\/lucacastelli.com\/fr\/wp-json\/wp\/v2\/product\/479432","targetHints":{"allow":["GET"]}}],"collection":[{"href":"https:\/\/lucacastelli.com\/fr\/wp-json\/wp\/v2\/product"}],"about":[{"href":"https:\/\/lucacastelli.com\/fr\/wp-json\/wp\/v2\/types\/product"}],"wp:featuredmedia":[{"embeddable":true,"href":"https:\/\/lucacastelli.com\/fr\/wp-json\/wp\/v2\/media\/83183"}],"wp:attachment":[{"href":"https:\/\/lucacastelli.com\/fr\/wp-json\/wp\/v2\/media?parent=479432"}],"wp:term":[{"taxonomy":"product_brand","embeddable":true,"href":"https:\/\/lucacastelli.com\/fr\/wp-json\/wp\/v2\/product_brand?post=479432"},{"taxonomy":"product_cat","embeddable":true,"href":"https:\/\/lucacastelli.com\/fr\/wp-json\/wp\/v2\/product_cat?post=479432"},{"taxonomy":"product_tag","embeddable":true,"href":"https:\/\/lucacastelli.com\/fr\/wp-json\/wp\/v2\/product_tag?post=479432"}],"curies":[{"name":"wp","href":"https:\/\/api.w.org\/{rel}","templated":true}]}}