{"id":479420,"date":"2022-10-05T15:10:19","date_gmt":"2022-10-05T13:10:19","guid":{"rendered":"https:\/\/lucacastelli.com\/?post_type=product&#038;p=479420"},"modified":"2026-04-15T00:02:09","modified_gmt":"2026-04-14T22:02:09","slug":"crazy-pant-viper-2","status":"publish","type":"product","link":"https:\/\/lucacastelli.com\/fr\/produit\/crazy-pant-viper-2\/","title":{"rendered":"CRAZY PANT VIPER"},"content":{"rendered":"<p>Pantalon pour le trekking hivernal et les raquettes \u00e0 neige au look technique et dynamique. Il est fabriqu\u00e9 avec un tissu softshell doux sans membrane, avec traitement DWR (hydrofuge), coupe-vent, anti-boulochage et r\u00e9sistant \u00e0 la d\u00e9chirure. Le fond \u00e9lastique recouvre la botte, r\u00e9duisant ainsi la possibilit\u00e9 d\u2019entr\u00e9e de neige. Les protections en tissu l\u00e9ger et respirant \u00e0 haute t\u00e9nacit\u00e9 sur les genoux, le rabat avec fermeture \u00e0 glissi\u00e8re, deux poches soud\u00e9es confortables, avec fermeture \u00e0 glissi\u00e8re et l\u2019\u00e9lastique confortable \u00e0 bande haute \u00e0 la taille r\u00e9glable, compl\u00e8tent les caract\u00e9ristiques du v\u00eatement.   <\/p>\n<p>Ceinture avec cordon de serrage r\u00e9glable<br \/>\n, poches avec fermetures \u00e9clair laser et coll\u00e9es, poche arri\u00e8re<br \/>\navec fermeture \u00e9clair invisible<br \/>\n, renforts l\u00e9gers sur les genoux<\/p>\n","protected":false},"excerpt":{"rendered":"<p>Pantalon pour le trekking hivernal et les raquettes \u00e0 neige au look technique et dynamique. Il est fabriqu\u00e9 avec un<\/p>\n","protected":false},"featured_media":82904,"template":"","meta":{"_seopress_robots_primary_cat":"","_seopress_titles_title":"","_seopress_titles_desc":"","_seopress_robots_index":""},"product_brand":[3616],"product_cat":[81,981,982],"product_tag":[],"class_list":{"0":"post-479420","1":"product","2":"type-product","3":"status-publish","4":"has-post-thumbnail","6":"product_brand-crazy-fr","7":"product_cat-vetements","8":"product_cat-vetements-de-loisirs","9":"product_cat-vetements-pour-hommes","10":"sws-gruppo-abb-libero-fr","11":"sws-conto-ricavi-merci-rivendita-abbigliamento-fr","12":"sws-gruppo-iva-iva81-fr","14":"first","15":"instock","16":"sale","17":"shipping-taxable","18":"purchasable","19":"product-type-variable"},"_links":{"self":[{"href":"https:\/\/lucacastelli.com\/fr\/wp-json\/wp\/v2\/product\/479420","targetHints":{"allow":["GET"]}}],"collection":[{"href":"https:\/\/lucacastelli.com\/fr\/wp-json\/wp\/v2\/product"}],"about":[{"href":"https:\/\/lucacastelli.com\/fr\/wp-json\/wp\/v2\/types\/product"}],"wp:featuredmedia":[{"embeddable":true,"href":"https:\/\/lucacastelli.com\/fr\/wp-json\/wp\/v2\/media\/82904"}],"wp:attachment":[{"href":"https:\/\/lucacastelli.com\/fr\/wp-json\/wp\/v2\/media?parent=479420"}],"wp:term":[{"taxonomy":"product_brand","embeddable":true,"href":"https:\/\/lucacastelli.com\/fr\/wp-json\/wp\/v2\/product_brand?post=479420"},{"taxonomy":"product_cat","embeddable":true,"href":"https:\/\/lucacastelli.com\/fr\/wp-json\/wp\/v2\/product_cat?post=479420"},{"taxonomy":"product_tag","embeddable":true,"href":"https:\/\/lucacastelli.com\/fr\/wp-json\/wp\/v2\/product_tag?post=479420"}],"curies":[{"name":"wp","href":"https:\/\/api.w.org\/{rel}","templated":true}]}}