{"id":479419,"date":"2022-10-05T15:13:50","date_gmt":"2022-10-05T13:13:50","guid":{"rendered":"https:\/\/lucacastelli.com\/?post_type=product&#038;p=479419"},"modified":"2026-04-15T00:02:02","modified_gmt":"2026-04-14T22:02:02","slug":"crazy-pant-electra-2","status":"publish","type":"product","link":"https:\/\/lucacastelli.com\/fr\/produit\/crazy-pant-electra-2\/","title":{"rendered":"CRAZY PANT ELECTRA"},"content":{"rendered":"<p>Le pantalon de ski alpinisme actif con\u00e7u pour ceux qui, bien que ne faisant pas de comp\u00e9tition, sont entra\u00een\u00e9s, dynamiques et \u00e0 la recherche de v\u00eatements essentiels con\u00e7us pour un usage sp\u00e9cifique. Dans ce cas \u00e9galement, il s\u2019agit d\u2019un changement de nom de l\u2019historique B-Side qui est renouvel\u00e9 et transform\u00e9 pour pr\u00e9senter une gamme homog\u00e8ne de produits pour le ski de randonn\u00e9e. Il est construit avec deux mat\u00e9riaux principaux&nbsp;; l\u2019avant est en tissu softshell doux sans membrane, avec des caract\u00e9ristiques DWR (hydrofuge), coupe-vent, anti-boulochage et r\u00e9sistant \u00e0 la d\u00e9chirure, le dos est en Vuelta confortable, hautement respirant et thermique \u00ab&nbsp;Made in Italy&nbsp;\u00bb. La taille est ouverte, avec bouton et fermeture \u00e9clair invisible, les deux poches avant sont \u00e9quip\u00e9es d\u2019une fermeture \u00e0 glissi\u00e8re, le bas de la jambe avec un \u00e9lastique \u00e0 haute r\u00e9sistance et un r\u00e9glage par glissi\u00e8re, c\u2019est un v\u00eatement irrempla\u00e7able pour ceux qui exigent un produit parfait.   <\/p>\n<p>Ouverture \u00e0 la taille avec bouton et fermeture \u00e9clair invisible<br \/>\nPoches pour les mains avec fermeture \u00e9clair de s\u00e9curit\u00e9<br \/>\nBas de jambe avec soufflet \u00e9lastique et fermeture \u00e9clair<\/p>\n","protected":false},"excerpt":{"rendered":"<p>Le pantalon de ski alpinisme actif con\u00e7u pour ceux qui, bien que ne faisant pas de comp\u00e9tition, sont entra\u00een\u00e9s, dynamiques<\/p>\n","protected":false},"featured_media":82928,"template":"","meta":{"_seopress_robots_primary_cat":"","_seopress_titles_title":"","_seopress_titles_desc":"","_seopress_robots_index":""},"product_brand":[3616],"product_cat":[81,981,1387],"product_tag":[],"class_list":{"0":"post-479419","1":"product","2":"type-product","3":"status-publish","4":"has-post-thumbnail","6":"product_brand-crazy-fr","7":"product_cat-vetements","8":"product_cat-vetements-de-loisirs","9":"product_cat-vetements-pour-femmes","10":"sws-gruppo-abb-libero-fr","11":"sws-conto-ricavi-merci-rivendita-abbigliamento-fr","12":"sws-gruppo-iva-iva81-fr","14":"first","15":"instock","16":"sale","17":"shipping-taxable","18":"purchasable","19":"product-type-variable"},"_links":{"self":[{"href":"https:\/\/lucacastelli.com\/fr\/wp-json\/wp\/v2\/product\/479419","targetHints":{"allow":["GET"]}}],"collection":[{"href":"https:\/\/lucacastelli.com\/fr\/wp-json\/wp\/v2\/product"}],"about":[{"href":"https:\/\/lucacastelli.com\/fr\/wp-json\/wp\/v2\/types\/product"}],"wp:featuredmedia":[{"embeddable":true,"href":"https:\/\/lucacastelli.com\/fr\/wp-json\/wp\/v2\/media\/82928"}],"wp:attachment":[{"href":"https:\/\/lucacastelli.com\/fr\/wp-json\/wp\/v2\/media?parent=479419"}],"wp:term":[{"taxonomy":"product_brand","embeddable":true,"href":"https:\/\/lucacastelli.com\/fr\/wp-json\/wp\/v2\/product_brand?post=479419"},{"taxonomy":"product_cat","embeddable":true,"href":"https:\/\/lucacastelli.com\/fr\/wp-json\/wp\/v2\/product_cat?post=479419"},{"taxonomy":"product_tag","embeddable":true,"href":"https:\/\/lucacastelli.com\/fr\/wp-json\/wp\/v2\/product_tag?post=479419"}],"curies":[{"name":"wp","href":"https:\/\/api.w.org\/{rel}","templated":true}]}}