{"id":479399,"date":"2022-09-21T11:52:31","date_gmt":"2022-09-21T09:52:31","guid":{"rendered":"https:\/\/lucacastelli.com\/?post_type=product&#038;p=479399"},"modified":"2026-04-15T00:02:09","modified_gmt":"2026-04-14T22:02:09","slug":"crazy-canal-de-jupe-2","status":"publish","type":"product","link":"https:\/\/lucacastelli.com\/fr\/produit\/crazy-canal-de-jupe-2\/","title":{"rendered":"CRAZY CANAL DE JUPE"},"content":{"rendered":"<p>Jupe de sport rembourr\u00e9e parfaite pour les activit\u00e9s de plein air, \u00e0 porter comme jambi\u00e8res sur des leggings, des pantalons de ski alpinisme ou de randonn\u00e9e. Le tissu ext\u00e9rieur est un nylon innovant qui, gr\u00e2ce \u00e0 la technologie I-TUBE : sans couture, \u00e9limine le probl\u00e8me de la fuite du rembourrage JOY, choisi par notre d\u00e9partement R&amp;D pour ses caract\u00e9ristiques similaires au duvet naturel avec l\u2019avantage d\u2019\u00eatre hydrofuge et \u00e0 s\u00e9chage rapide. La taille haute en coquille souple italienne VUELTA garantit l\u2019\u00e9tanch\u00e9it\u00e9, le confort et la chaleur sur les hanches et le bas du dos. Les deux fermetures \u00e9clair lat\u00e9rales \u00e0 double curseur, si elles sont maintenues partiellement ouvertes, garantissent un grand confort lors de vos d\u00e9placements.   <\/p>\n<p>&#8211; bande haute en Vuelta italienne &#8211; longue ouverture avec fermeture \u00e9clair d\u2019un c\u00f4t\u00e9 &#8211; fermeture \u00e9clair de r\u00e9glage courte de l\u2019autre c\u00f4t\u00e9<\/p>\n","protected":false},"excerpt":{"rendered":"<p>Jupe de sport rembourr\u00e9e parfaite pour les activit\u00e9s de plein air, \u00e0 porter comme jambi\u00e8res sur des leggings, des pantalons<\/p>\n","protected":false},"featured_media":81844,"template":"","meta":{"_seopress_robots_primary_cat":"","_seopress_titles_title":"","_seopress_titles_desc":"","_seopress_robots_index":""},"product_brand":[3616],"product_cat":[81,981,1387],"product_tag":[],"class_list":{"0":"post-479399","1":"product","2":"type-product","3":"status-publish","4":"has-post-thumbnail","6":"product_brand-crazy-fr","7":"product_cat-vetements","8":"product_cat-vetements-de-loisirs","9":"product_cat-vetements-pour-femmes","10":"sws-gruppo-abb-libero-fr","11":"sws-conto-ricavi-merci-rivendita-abbigliamento-fr","12":"sws-gruppo-iva-iva81-fr","14":"first","15":"instock","16":"sale","17":"shipping-taxable","18":"purchasable","19":"product-type-variable"},"_links":{"self":[{"href":"https:\/\/lucacastelli.com\/fr\/wp-json\/wp\/v2\/product\/479399","targetHints":{"allow":["GET"]}}],"collection":[{"href":"https:\/\/lucacastelli.com\/fr\/wp-json\/wp\/v2\/product"}],"about":[{"href":"https:\/\/lucacastelli.com\/fr\/wp-json\/wp\/v2\/types\/product"}],"wp:featuredmedia":[{"embeddable":true,"href":"https:\/\/lucacastelli.com\/fr\/wp-json\/wp\/v2\/media\/81844"}],"wp:attachment":[{"href":"https:\/\/lucacastelli.com\/fr\/wp-json\/wp\/v2\/media?parent=479399"}],"wp:term":[{"taxonomy":"product_brand","embeddable":true,"href":"https:\/\/lucacastelli.com\/fr\/wp-json\/wp\/v2\/product_brand?post=479399"},{"taxonomy":"product_cat","embeddable":true,"href":"https:\/\/lucacastelli.com\/fr\/wp-json\/wp\/v2\/product_cat?post=479399"},{"taxonomy":"product_tag","embeddable":true,"href":"https:\/\/lucacastelli.com\/fr\/wp-json\/wp\/v2\/product_tag?post=479399"}],"curies":[{"name":"wp","href":"https:\/\/api.w.org\/{rel}","templated":true}]}}