{"id":479398,"date":"2022-10-05T15:11:38","date_gmt":"2022-10-05T13:11:38","guid":{"rendered":"https:\/\/lucacastelli.com\/?post_type=product&#038;p=479398"},"modified":"2026-04-15T00:02:09","modified_gmt":"2026-04-14T22:02:09","slug":"crazy-pant-ionic-2","status":"publish","type":"product","link":"https:\/\/lucacastelli.com\/fr\/produit\/crazy-pant-ionic-2\/","title":{"rendered":"CRAZY PANT IONIC"},"content":{"rendered":"<p>Avec ce pantalon, nous compl\u00e9tons notre famille iconique Ionic. Il est fabriqu\u00e9 \u00e0 l\u2019aide de la coquille souple Endurance : respirante, bi-\u00e9lastique et d\u00e9perlante gr\u00e2ce au traitement anti-DWR. Certaines parties, comme l\u2019arri\u00e8re du genou, la basque et le talon compens\u00e9 sous la jambe, sont en polaire italienne Vuelta : respirante et douce. Il dispose d\u2019une poche plaqu\u00e9e \u00e9vidente sur la jambe droite de couleur contrast\u00e9e, le bas de la jambe a un zip d\u2019ouverture avec soufflet pour s\u2019adapter aux bottes. La taille peut \u00eatre ouverte et sur les hanches, il y a une bande \u00e9lastique confortable.    <\/p>\n<p>Ceinture<br \/>\n\u00e9lastique confortable Poches pour les mains avec fermeture \u00e9clair et poche plaqu\u00e9e<br \/>\nBas de jambe avec soufflet qui peut \u00eatre ouvert avec une fermeture \u00e9clair<\/p>\n","protected":false},"excerpt":{"rendered":"<p>Avec ce pantalon, nous compl\u00e9tons notre famille iconique Ionic. Il est fabriqu\u00e9 \u00e0 l\u2019aide de la coquille souple Endurance :<\/p>\n","protected":false},"featured_media":82913,"template":"","meta":{"_seopress_robots_primary_cat":"","_seopress_titles_title":"","_seopress_titles_desc":"","_seopress_robots_index":""},"product_brand":[3616],"product_cat":[81,981,1387],"product_tag":[],"class_list":{"0":"post-479398","1":"product","2":"type-product","3":"status-publish","4":"has-post-thumbnail","6":"product_brand-crazy-fr","7":"product_cat-vetements","8":"product_cat-vetements-de-loisirs","9":"product_cat-vetements-pour-femmes","10":"sws-gruppo-abb-libero-fr","11":"sws-conto-ricavi-merci-rivendita-abbigliamento-fr","12":"sws-gruppo-iva-iva81-fr","14":"first","15":"instock","16":"sale","17":"shipping-taxable","18":"purchasable","19":"product-type-variable"},"_links":{"self":[{"href":"https:\/\/lucacastelli.com\/fr\/wp-json\/wp\/v2\/product\/479398","targetHints":{"allow":["GET"]}}],"collection":[{"href":"https:\/\/lucacastelli.com\/fr\/wp-json\/wp\/v2\/product"}],"about":[{"href":"https:\/\/lucacastelli.com\/fr\/wp-json\/wp\/v2\/types\/product"}],"wp:featuredmedia":[{"embeddable":true,"href":"https:\/\/lucacastelli.com\/fr\/wp-json\/wp\/v2\/media\/82913"}],"wp:attachment":[{"href":"https:\/\/lucacastelli.com\/fr\/wp-json\/wp\/v2\/media?parent=479398"}],"wp:term":[{"taxonomy":"product_brand","embeddable":true,"href":"https:\/\/lucacastelli.com\/fr\/wp-json\/wp\/v2\/product_brand?post=479398"},{"taxonomy":"product_cat","embeddable":true,"href":"https:\/\/lucacastelli.com\/fr\/wp-json\/wp\/v2\/product_cat?post=479398"},{"taxonomy":"product_tag","embeddable":true,"href":"https:\/\/lucacastelli.com\/fr\/wp-json\/wp\/v2\/product_tag?post=479398"}],"curies":[{"name":"wp","href":"https:\/\/api.w.org\/{rel}","templated":true}]}}