{"id":479392,"date":"2022-09-21T11:12:45","date_gmt":"2022-09-21T09:12:45","guid":{"rendered":"https:\/\/lucacastelli.com\/?post_type=product&#038;p=479392"},"modified":"2026-04-15T00:02:10","modified_gmt":"2026-04-14T22:02:10","slug":"crazy-tirette-allure-zip-2","status":"publish","type":"product","link":"https:\/\/lucacastelli.com\/fr\/produit\/crazy-tirette-allure-zip-2\/","title":{"rendered":"CRAZY TIRETTE ALLURE ZIP"},"content":{"rendered":"<p>Sous-v\u00eatement \u00e0 col montant avec demi-fermeture \u00e9clair confortable sur le devant. Agr\u00e9able comme sous-v\u00eatement ou comme deuxi\u00e8me couche l\u00e9g\u00e8re pendant l\u2019hiver. Construit avec un tissu produit avec deux fils diff\u00e9rents, la laine et le polypropyl\u00e8ne \u00e0 hautes capacit\u00e9s isolantes, l\u2019effet sur la peau, gr\u00e2ce aux composants du fil, est beaucoup plus agr\u00e9able que 100&nbsp;% laine.  <\/p>\n<p>Couleur<br \/>\ncontrastante Coutures plates anti-frottements Demi-fermeture \u00e9clair sur le devant<\/p>\n","protected":false},"excerpt":{"rendered":"<p>Sous-v\u00eatement \u00e0 col montant avec demi-fermeture \u00e9clair confortable sur le devant. Agr\u00e9able comme sous-v\u00eatement ou comme deuxi\u00e8me couche l\u00e9g\u00e8re pendant<\/p>\n","protected":false},"featured_media":81809,"template":"","meta":{"_seopress_robots_primary_cat":"","_seopress_titles_title":"","_seopress_titles_desc":"","_seopress_robots_index":""},"product_brand":[3616],"product_cat":[81,981,1387],"product_tag":[],"class_list":{"0":"post-479392","1":"product","2":"type-product","3":"status-publish","4":"has-post-thumbnail","6":"product_brand-crazy-fr","7":"product_cat-vetements","8":"product_cat-vetements-de-loisirs","9":"product_cat-vetements-pour-femmes","10":"sws-gruppo-abb-libero-fr","11":"sws-conto-ricavi-merci-rivendita-abbigliamento-fr","12":"sws-gruppo-iva-iva81-fr","14":"first","15":"instock","16":"sale","17":"shipping-taxable","18":"purchasable","19":"product-type-variable"},"_links":{"self":[{"href":"https:\/\/lucacastelli.com\/fr\/wp-json\/wp\/v2\/product\/479392","targetHints":{"allow":["GET"]}}],"collection":[{"href":"https:\/\/lucacastelli.com\/fr\/wp-json\/wp\/v2\/product"}],"about":[{"href":"https:\/\/lucacastelli.com\/fr\/wp-json\/wp\/v2\/types\/product"}],"wp:featuredmedia":[{"embeddable":true,"href":"https:\/\/lucacastelli.com\/fr\/wp-json\/wp\/v2\/media\/81809"}],"wp:attachment":[{"href":"https:\/\/lucacastelli.com\/fr\/wp-json\/wp\/v2\/media?parent=479392"}],"wp:term":[{"taxonomy":"product_brand","embeddable":true,"href":"https:\/\/lucacastelli.com\/fr\/wp-json\/wp\/v2\/product_brand?post=479392"},{"taxonomy":"product_cat","embeddable":true,"href":"https:\/\/lucacastelli.com\/fr\/wp-json\/wp\/v2\/product_cat?post=479392"},{"taxonomy":"product_tag","embeddable":true,"href":"https:\/\/lucacastelli.com\/fr\/wp-json\/wp\/v2\/product_tag?post=479392"}],"curies":[{"name":"wp","href":"https:\/\/api.w.org\/{rel}","templated":true}]}}