{"id":479369,"date":"2022-09-21T10:01:57","date_gmt":"2022-09-21T08:01:57","guid":{"rendered":"https:\/\/lucacastelli.com\/?post_type=product&#038;p=479369"},"modified":"2026-03-01T00:26:20","modified_gmt":"2026-02-28T23:26:20","slug":"crazy-resolution-dextraction-7","status":"publish","type":"product","link":"https:\/\/lucacastelli.com\/fr\/produit\/crazy-resolution-dextraction-7\/","title":{"rendered":"CRAZY R\u00c9SOLUTION D\u2019EXTRACTION"},"content":{"rendered":"<p>Le pull \u00e0 capuche Resolution est le symbole et le best-seller de la collection. Mod\u00e8le tr\u00e8s polyvalent pour le ski de randonn\u00e9e, il peut \u00eatre utilis\u00e9 comme couche interm\u00e9diaire lors des journ\u00e9es particuli\u00e8rement froides, ou comme couche d\u2019ext\u00e9rieur \u00e0 la mi-saison. Le complice de ce grand succ\u00e8s est certainement le look, frais, jeune et envo\u00fbtant. Il est enti\u00e8rement produit dans la polaire 3D haute performance \u00e9prouv\u00e9e avec des cellules en nid d\u2019abeille qui garantissent une grande respirabilit\u00e9, le tissu \u00e0 l\u2019int\u00e9rieur a un traitement au graph\u00e8ne avec des propri\u00e9t\u00e9s thermor\u00e9gulatrices, r\u00e9sistantes \u00e0 l\u2019usure, antistatiques et bact\u00e9riostatiques. La coupe athl\u00e9tique, la capuche et l\u2019ourlet avec bord \u00e9lastique, l\u2019ouverture frontale avec fermeture \u00e9clair, les poches avec fermeture \u00e9clair et la poche int\u00e9rieure pour \u00e9metteur-r\u00e9cepteur d\u2019avalanche sont autant de d\u00e9tails qui soulignent son caract\u00e8re dynamique.    <\/p>\n<p>tirette ouverte avec fermeture \u00e9clair \u00e0 l\u2019avant, poches sur la capuche<br \/>\n, mains avec fermeture<br \/>\n\u00e0 glissi\u00e8re, poche int\u00e9rieure, porte ARTVA<br \/>\n, bords \u00e9lastiques sur la capuche<br \/>\n, tissu HP 3D avec chambres en nid d\u2019abeille,<br \/>\ntissu int\u00e9rieur avec traitement au graph\u00e8ne<\/p>\n","protected":false},"excerpt":{"rendered":"<p>Le pull \u00e0 capuche Resolution est le symbole et le best-seller de la collection. Mod\u00e8le tr\u00e8s polyvalent pour le ski<\/p>\n","protected":false},"featured_media":81765,"template":"","meta":{"_seopress_robots_primary_cat":"","_seopress_titles_title":"","_seopress_titles_desc":"","_seopress_robots_index":""},"product_brand":[3413],"product_cat":[21,189,190],"product_tag":[],"class_list":{"0":"post-479369","1":"product","2":"type-product","3":"status-publish","4":"has-post-thumbnail","6":"product_brand-crazy","7":"product_cat-abbigliamento","8":"product_cat-abbigliamento-per-il-tempo-libero","9":"product_cat-abbigliamento-da-uomo","10":"sws-gruppo-abb-libero-fr","11":"sws-conto-ricavi-merci-rivendita-abbigliamento-fr","12":"sws-gruppo-iva-iva81-fr","14":"first","15":"instock","16":"shipping-taxable","17":"purchasable","18":"product-type-variable"},"_links":{"self":[{"href":"https:\/\/lucacastelli.com\/fr\/wp-json\/wp\/v2\/product\/479369","targetHints":{"allow":["GET"]}}],"collection":[{"href":"https:\/\/lucacastelli.com\/fr\/wp-json\/wp\/v2\/product"}],"about":[{"href":"https:\/\/lucacastelli.com\/fr\/wp-json\/wp\/v2\/types\/product"}],"wp:featuredmedia":[{"embeddable":true,"href":"https:\/\/lucacastelli.com\/fr\/wp-json\/wp\/v2\/media\/81765"}],"wp:attachment":[{"href":"https:\/\/lucacastelli.com\/fr\/wp-json\/wp\/v2\/media?parent=479369"}],"wp:term":[{"taxonomy":"product_brand","embeddable":true,"href":"https:\/\/lucacastelli.com\/fr\/wp-json\/wp\/v2\/product_brand?post=479369"},{"taxonomy":"product_cat","embeddable":true,"href":"https:\/\/lucacastelli.com\/fr\/wp-json\/wp\/v2\/product_cat?post=479369"},{"taxonomy":"product_tag","embeddable":true,"href":"https:\/\/lucacastelli.com\/fr\/wp-json\/wp\/v2\/product_tag?post=479369"}],"curies":[{"name":"wp","href":"https:\/\/api.w.org\/{rel}","templated":true}]}}