{"id":479364,"date":"2022-09-21T11:13:26","date_gmt":"2022-09-21T09:13:26","guid":{"rendered":"https:\/\/lucacastelli.com\/?post_type=product&#038;p=479364"},"modified":"2026-04-15T00:02:10","modified_gmt":"2026-04-14T22:02:10","slug":"crazy-tirez-le-magma","status":"publish","type":"product","link":"https:\/\/lucacastelli.com\/fr\/produit\/crazy-tirez-le-magma\/","title":{"rendered":"CRAZY TIREZ LE MAGMA"},"content":{"rendered":"<p>Une deuxi\u00e8me couche hybride r\u00e9volutionnaire pour les situations les plus extr\u00eames. Gr\u00e2ce \u00e0 deux tissus extraordinaires, il offre plus de chaleur que n\u2019importe quelle couche interm\u00e9diaire de notre collection, tout en conservant une empreinte minimale et une coupe athl\u00e9tique. Il a \u00e9t\u00e9 cr\u00e9\u00e9 pour \u00eatre utilis\u00e9 comme v\u00eatement d\u2019ext\u00e9rieur lors de l\u2019alpinisme de haut niveau par temps froid sans vent, ou si vous recherchez de la chaleur enferm\u00e9e dans un petit espace. Le col est haut et protecteur, la fermeture \u00e9clair avant est divisible, il dispose d\u2019une poche poitrine coll\u00e9e avec fermeture \u00e9clair ainsi que de deux poches int\u00e9rieures avec passepoil \u00e9lastique qui facilitent l\u2019utilisation m\u00eame avec un harnais. Les tissus sont constitu\u00e9s de Polartec Thermal Pro dans la partie sup\u00e9rieure du torse et d\u2019une polaire respirante extr\u00eamement \u00e9lastique.    <\/p>\n<p>Pull hybride doux et chaud dans un petit espace<br \/>\nDivisible<br \/>\nPoche poitrine zipp\u00e9e \u00e0 l\u2019avant avec fermeture<br \/>\n\u00e0 glissi\u00e8re Deux poches int\u00e9rieures avec passepoil<br \/>\n\u00e9lastique Polaire thermique Polartec et Sorona<\/p>\n","protected":false},"excerpt":{"rendered":"<p>Une deuxi\u00e8me couche hybride r\u00e9volutionnaire pour les situations les plus extr\u00eames. Gr\u00e2ce \u00e0 deux tissus extraordinaires, il offre plus de<\/p>\n","protected":false},"featured_media":81814,"template":"","meta":{"_seopress_robots_primary_cat":"","_seopress_titles_title":"","_seopress_titles_desc":"","_seopress_robots_index":""},"product_brand":[3616],"product_cat":[81,981,982],"product_tag":[],"class_list":{"0":"post-479364","1":"product","2":"type-product","3":"status-publish","4":"has-post-thumbnail","6":"product_brand-crazy-fr","7":"product_cat-vetements","8":"product_cat-vetements-de-loisirs","9":"product_cat-vetements-pour-hommes","10":"sws-gruppo-abb-libero","11":"sws-conto-ricavi-merci-rivendita-abbigliamento","12":"sws-gruppo-iva-iva81","14":"first","15":"instock","16":"sale","17":"shipping-taxable","18":"purchasable","19":"product-type-variable"},"_links":{"self":[{"href":"https:\/\/lucacastelli.com\/fr\/wp-json\/wp\/v2\/product\/479364","targetHints":{"allow":["GET"]}}],"collection":[{"href":"https:\/\/lucacastelli.com\/fr\/wp-json\/wp\/v2\/product"}],"about":[{"href":"https:\/\/lucacastelli.com\/fr\/wp-json\/wp\/v2\/types\/product"}],"wp:featuredmedia":[{"embeddable":true,"href":"https:\/\/lucacastelli.com\/fr\/wp-json\/wp\/v2\/media\/81814"}],"wp:attachment":[{"href":"https:\/\/lucacastelli.com\/fr\/wp-json\/wp\/v2\/media?parent=479364"}],"wp:term":[{"taxonomy":"product_brand","embeddable":true,"href":"https:\/\/lucacastelli.com\/fr\/wp-json\/wp\/v2\/product_brand?post=479364"},{"taxonomy":"product_cat","embeddable":true,"href":"https:\/\/lucacastelli.com\/fr\/wp-json\/wp\/v2\/product_cat?post=479364"},{"taxonomy":"product_tag","embeddable":true,"href":"https:\/\/lucacastelli.com\/fr\/wp-json\/wp\/v2\/product_tag?post=479364"}],"curies":[{"name":"wp","href":"https:\/\/api.w.org\/{rel}","templated":true}]}}