{"id":479325,"date":"2022-09-21T09:58:06","date_gmt":"2022-09-21T07:58:06","guid":{"rendered":"https:\/\/lucacastelli.com\/?post_type=product&#038;p=479325"},"modified":"2026-04-18T01:24:47","modified_gmt":"2026-04-17T23:24:47","slug":"crazy-pant-apres-3","status":"publish","type":"product","link":"https:\/\/lucacastelli.com\/fr\/produit\/crazy-pant-apres-3\/","title":{"rendered":"CRAZY PANT AFTER"},"content":{"rendered":"<p>Pantalon souple, confortable et agr\u00e9able pour les activit\u00e9s de plein air et les loisirs, l&#8217;un des piliers de notre collection lifestyle. Comme de nombreux articles de notre collection loisirs, il est tr\u00e8s utilis\u00e9 pour l&#8217;escalade en falaise ou en salle ; il est fabriqu\u00e9 dans diff\u00e9rents tissus selon la variante de couleur, du coton stretch r\u00e9sistant au jean et m\u00eame dans un tissu chaud effet laine. Ceinture haute confortable, parfaite m\u00eame en portant le baudrier.  <\/p>\n<p>ceinture haute confortable<br \/>\nbas de jambe r\u00e9glable avec cordon \u00e9lastique<br \/>\ncoupe et confort pour les loisirs<\/p>\n","protected":false},"excerpt":{"rendered":"<p>Pantalon souple, confortable et agr\u00e9able pour les activit\u00e9s de plein air et les loisirs, l&#8217;un des piliers de notre collection<\/p>\n","protected":false},"featured_media":81735,"template":"","meta":{"_seopress_robots_primary_cat":"none","_seopress_titles_title":"","_seopress_titles_desc":"","_seopress_robots_index":""},"product_brand":[3616],"product_cat":[81,981,1387],"product_tag":[],"class_list":{"0":"post-479325","1":"product","2":"type-product","3":"status-publish","4":"has-post-thumbnail","6":"product_brand-crazy-fr","7":"product_cat-vetements","8":"product_cat-vetements-de-loisirs","9":"product_cat-vetements-pour-femmes","10":"sws-gruppo-abb-libero-fr","11":"sws-conto-ricavi-merci-rivendita-abbigliamento-fr","12":"sws-gruppo-iva-iva81-fr","14":"first","15":"instock","16":"sale","17":"shipping-taxable","18":"product-type-variable"},"_links":{"self":[{"href":"https:\/\/lucacastelli.com\/fr\/wp-json\/wp\/v2\/product\/479325","targetHints":{"allow":["GET"]}}],"collection":[{"href":"https:\/\/lucacastelli.com\/fr\/wp-json\/wp\/v2\/product"}],"about":[{"href":"https:\/\/lucacastelli.com\/fr\/wp-json\/wp\/v2\/types\/product"}],"wp:featuredmedia":[{"embeddable":true,"href":"https:\/\/lucacastelli.com\/fr\/wp-json\/wp\/v2\/media\/81735"}],"wp:attachment":[{"href":"https:\/\/lucacastelli.com\/fr\/wp-json\/wp\/v2\/media?parent=479325"}],"wp:term":[{"taxonomy":"product_brand","embeddable":true,"href":"https:\/\/lucacastelli.com\/fr\/wp-json\/wp\/v2\/product_brand?post=479325"},{"taxonomy":"product_cat","embeddable":true,"href":"https:\/\/lucacastelli.com\/fr\/wp-json\/wp\/v2\/product_cat?post=479325"},{"taxonomy":"product_tag","embeddable":true,"href":"https:\/\/lucacastelli.com\/fr\/wp-json\/wp\/v2\/product_tag?post=479325"}],"curies":[{"name":"wp","href":"https:\/\/api.w.org\/{rel}","templated":true}]}}