{"id":479300,"date":"2022-06-28T15:36:10","date_gmt":"2022-06-28T13:36:10","guid":{"rendered":"https:\/\/lucacastelli.com\/?post_type=product&#038;p=479300"},"modified":"2026-03-01T00:26:23","modified_gmt":"2026-02-28T23:26:23","slug":"crazy-l-short-kimera-2","status":"publish","type":"product","link":"https:\/\/lucacastelli.com\/fr\/produit\/crazy-l-short-kimera-2\/","title":{"rendered":"CRAZY L\/SHORT KIMERA"},"content":{"rendered":"<p>Le short long Kimera a toujours \u00e9t\u00e9 un produit tr\u00e8s r\u00e9ussi, l\u2019interpr\u00e8te parfait de la collection Crazy lifestyle, qui convient aussi bien aux activit\u00e9s de plein air qu\u2019aux moments de d\u00e9tente. Fabriqu\u00e9 en coton Performance frais et bi-\u00e9lastique, color\u00e9 et super l\u00e9ger, ou en jean avec les m\u00eames caract\u00e9ristiques et agr\u00e9ment\u00e9 d\u2019empi\u00e8cements en tissu Liberty London. Il est dot\u00e9 d\u2019une taille \u00e9lastique confortable et de poignets au bas de la jambe.  <\/p>\n<p>Tissu performance du produit Coton<br \/>\nCeinture<br \/>\n\u00e9lastique confortable Inserts Poches Liberty London<br \/>\nPoignet tricot\u00e9 en bas de jambe<\/p>\n","protected":false},"excerpt":{"rendered":"<p>Le short long Kimera a toujours \u00e9t\u00e9 un produit tr\u00e8s r\u00e9ussi, l\u2019interpr\u00e8te parfait de la collection Crazy lifestyle, qui convient<\/p>\n","protected":false},"featured_media":72749,"template":"","meta":{"_seopress_robots_primary_cat":"","_seopress_titles_title":"","_seopress_titles_desc":"","_seopress_robots_index":""},"product_brand":[3413],"product_cat":[21,189,200],"product_tag":[],"class_list":{"0":"post-479300","1":"product","2":"type-product","3":"status-publish","4":"has-post-thumbnail","6":"product_brand-crazy","7":"product_cat-abbigliamento","8":"product_cat-abbigliamento-per-il-tempo-libero","9":"product_cat-abbigliamento-da-donna","10":"sws-gruppo-abb-libero-fr","11":"sws-conto-ricavi-merci-rivendita-abbigliamento-fr","12":"sws-gruppo-iva-iva81-fr","14":"first","15":"instock","16":"shipping-taxable","17":"purchasable","18":"product-type-variable"},"_links":{"self":[{"href":"https:\/\/lucacastelli.com\/fr\/wp-json\/wp\/v2\/product\/479300","targetHints":{"allow":["GET"]}}],"collection":[{"href":"https:\/\/lucacastelli.com\/fr\/wp-json\/wp\/v2\/product"}],"about":[{"href":"https:\/\/lucacastelli.com\/fr\/wp-json\/wp\/v2\/types\/product"}],"wp:featuredmedia":[{"embeddable":true,"href":"https:\/\/lucacastelli.com\/fr\/wp-json\/wp\/v2\/media\/72749"}],"wp:attachment":[{"href":"https:\/\/lucacastelli.com\/fr\/wp-json\/wp\/v2\/media?parent=479300"}],"wp:term":[{"taxonomy":"product_brand","embeddable":true,"href":"https:\/\/lucacastelli.com\/fr\/wp-json\/wp\/v2\/product_brand?post=479300"},{"taxonomy":"product_cat","embeddable":true,"href":"https:\/\/lucacastelli.com\/fr\/wp-json\/wp\/v2\/product_cat?post=479300"},{"taxonomy":"product_tag","embeddable":true,"href":"https:\/\/lucacastelli.com\/fr\/wp-json\/wp\/v2\/product_tag?post=479300"}],"curies":[{"name":"wp","href":"https:\/\/api.w.org\/{rel}","templated":true}]}}