{"id":479288,"date":"2022-09-21T09:20:55","date_gmt":"2022-09-21T07:20:55","guid":{"rendered":"https:\/\/lucacastelli.com\/?post_type=product&#038;p=479288"},"modified":"2026-04-18T01:37:57","modified_gmt":"2026-04-17T23:37:57","slug":"crazy-pant-wonder-magiceder-3","status":"publish","type":"product","link":"https:\/\/lucacastelli.com\/fr\/produit\/crazy-pant-wonder-magiceder-3\/","title":{"rendered":"CRAZY PANT WONDER MAGICeder"},"content":{"rendered":"<p>Allier la mode \u00e0 l\u2019outdoor a toujours \u00e9t\u00e9 une pr\u00e9rogative de Crazy. Le pantalon Wonder Magic est l\u2019original au look jean exclusif. Confortable, toujours impeccable et infroissable, il est con\u00e7u pour l\u2019outdoor, mais son style s\u2019adapte \u00e0 chaque moment de la journ\u00e9e. Il est fabriqu\u00e9 en polaire italienne Vuelta. Sa coupe ergonomique \u00e9pouse le corps comme un legging color\u00e9.   <\/p>\n<p>taille \u00e9lastique confortable<br \/>\nimprim\u00e9 jean int\u00e9gral<\/p>\n","protected":false},"excerpt":{"rendered":"<p>Allier la mode \u00e0 l\u2019outdoor a toujours \u00e9t\u00e9 une pr\u00e9rogative de Crazy. Le pantalon Wonder Magic est l\u2019original au look<\/p>\n","protected":false},"featured_media":81701,"template":"","meta":{"_seopress_robots_primary_cat":"none","_seopress_titles_title":"","_seopress_titles_desc":"","_seopress_robots_index":""},"product_brand":[3616],"product_cat":[81,981,1387],"product_tag":[],"class_list":{"0":"post-479288","1":"product","2":"type-product","3":"status-publish","4":"has-post-thumbnail","6":"product_brand-crazy-fr","7":"product_cat-vetements","8":"product_cat-vetements-de-loisirs","9":"product_cat-vetements-pour-femmes","10":"sws-gruppo-abb-libero-fr","11":"sws-conto-ricavi-merci-rivendita-abbigliamento-fr","12":"sws-gruppo-iva-iva81-fr","14":"first","15":"instock","16":"sale","17":"shipping-taxable","18":"product-type-variable"},"_links":{"self":[{"href":"https:\/\/lucacastelli.com\/fr\/wp-json\/wp\/v2\/product\/479288","targetHints":{"allow":["GET"]}}],"collection":[{"href":"https:\/\/lucacastelli.com\/fr\/wp-json\/wp\/v2\/product"}],"about":[{"href":"https:\/\/lucacastelli.com\/fr\/wp-json\/wp\/v2\/types\/product"}],"wp:featuredmedia":[{"embeddable":true,"href":"https:\/\/lucacastelli.com\/fr\/wp-json\/wp\/v2\/media\/81701"}],"wp:attachment":[{"href":"https:\/\/lucacastelli.com\/fr\/wp-json\/wp\/v2\/media?parent=479288"}],"wp:term":[{"taxonomy":"product_brand","embeddable":true,"href":"https:\/\/lucacastelli.com\/fr\/wp-json\/wp\/v2\/product_brand?post=479288"},{"taxonomy":"product_cat","embeddable":true,"href":"https:\/\/lucacastelli.com\/fr\/wp-json\/wp\/v2\/product_cat?post=479288"},{"taxonomy":"product_tag","embeddable":true,"href":"https:\/\/lucacastelli.com\/fr\/wp-json\/wp\/v2\/product_tag?post=479288"}],"curies":[{"name":"wp","href":"https:\/\/api.w.org\/{rel}","templated":true}]}}