{"id":479261,"date":"2022-06-28T15:15:13","date_gmt":"2022-06-28T13:15:13","guid":{"rendered":"https:\/\/lucacastelli.com\/?post_type=product&#038;p=479261"},"modified":"2026-04-18T01:39:42","modified_gmt":"2026-04-17T23:39:42","slug":"crazy-t-shirt-mandala-3","status":"publish","type":"product","link":"https:\/\/lucacastelli.com\/fr\/produit\/crazy-t-shirt-mandala-3\/","title":{"rendered":"T-SHIRT CRAZY MANDALA"},"content":{"rendered":"<p>Le t-shirt Mandala semble \u00eatre un produit parfait pour un usage quotidien en ville, mais comme tous les produits Crazy, il est con\u00e7u pour les loisirs \u00e0 la campagne et en for\u00eat. Il est fabriqu\u00e9 en chanvre naturel. Le col en V et les manches tr\u00e8s courtes \u00e0 bords francs sont vraiment caract\u00e9ristiques.  <\/p>\n<p>Caract\u00e9ristiques :<\/p>\n<p>Chanvre naturel<br \/>\nCol en V<br \/>\nVersions disponibles avec teintures artisanales et effets faits main<\/p>\n","protected":false},"excerpt":{"rendered":"<p>Le t-shirt Mandala semble \u00eatre un produit parfait pour un usage quotidien en ville, mais comme tous les produits Crazy,<\/p>\n","protected":false},"featured_media":72713,"template":"","meta":{"_seopress_robots_primary_cat":"","_seopress_titles_title":"","_seopress_titles_desc":"","_seopress_robots_index":""},"product_brand":[3616],"product_cat":[81,981,1387],"product_tag":[],"class_list":{"0":"post-479261","1":"product","2":"type-product","3":"status-publish","4":"has-post-thumbnail","6":"product_brand-crazy-fr","7":"product_cat-vetements","8":"product_cat-vetements-de-loisirs","9":"product_cat-vetements-pour-femmes","10":"sws-gruppo-abb-libero-fr","11":"sws-conto-ricavi-merci-rivendita-abbigliamento-fr","12":"sws-gruppo-iva-iva81-fr","14":"first","15":"instock","16":"sale","17":"shipping-taxable","18":"product-type-variable"},"_links":{"self":[{"href":"https:\/\/lucacastelli.com\/fr\/wp-json\/wp\/v2\/product\/479261","targetHints":{"allow":["GET"]}}],"collection":[{"href":"https:\/\/lucacastelli.com\/fr\/wp-json\/wp\/v2\/product"}],"about":[{"href":"https:\/\/lucacastelli.com\/fr\/wp-json\/wp\/v2\/types\/product"}],"wp:featuredmedia":[{"embeddable":true,"href":"https:\/\/lucacastelli.com\/fr\/wp-json\/wp\/v2\/media\/72713"}],"wp:attachment":[{"href":"https:\/\/lucacastelli.com\/fr\/wp-json\/wp\/v2\/media?parent=479261"}],"wp:term":[{"taxonomy":"product_brand","embeddable":true,"href":"https:\/\/lucacastelli.com\/fr\/wp-json\/wp\/v2\/product_brand?post=479261"},{"taxonomy":"product_cat","embeddable":true,"href":"https:\/\/lucacastelli.com\/fr\/wp-json\/wp\/v2\/product_cat?post=479261"},{"taxonomy":"product_tag","embeddable":true,"href":"https:\/\/lucacastelli.com\/fr\/wp-json\/wp\/v2\/product_tag?post=479261"}],"curies":[{"name":"wp","href":"https:\/\/api.w.org\/{rel}","templated":true}]}}