{"id":479249,"date":"2022-06-28T09:54:44","date_gmt":"2022-06-28T07:54:44","guid":{"rendered":"https:\/\/lucacastelli.com\/?post_type=product&#038;p=479249"},"modified":"2026-04-18T01:40:05","modified_gmt":"2026-04-17T23:40:05","slug":"crazy-linstinct-du-court","status":"publish","type":"product","link":"https:\/\/lucacastelli.com\/fr\/produit\/crazy-linstinct-du-court\/","title":{"rendered":"CRAZY SHORT INSTINCT"},"content":{"rendered":"<p>Short minimaliste, confortable pour les loisirs et original pour un usage quotidien. Fabriqu\u00e9 avec diff\u00e9rents tissus selon les variantes de couleur, certains en microfibre italienne fra\u00eeche Revolutional, d&#8217;autres en Jersey \u00e9lastique. Ceinture \u00e9lastique bicolore confortable, poche avec fermeture zip appliqu\u00e9e sur la jambe gauche et bas de jambe laser\u00e9 et coll\u00e9<\/p>\n<p>Caract\u00e9ristiques :<\/p>\n<p>Poche avec fermeture zip<br \/>\nCeinture \u00e9lastique bicolore<br \/>\nBas de jambe laser\u00e9 coll\u00e9<\/p>\n","protected":false},"excerpt":{"rendered":"<p>Short minimaliste, confortable pour les loisirs et original pour un usage quotidien. Fabriqu\u00e9 avec diff\u00e9rents tissus selon les variantes de<\/p>\n","protected":false},"featured_media":72542,"template":"","meta":{"_seopress_robots_primary_cat":"","_seopress_titles_title":"","_seopress_titles_desc":"","_seopress_robots_index":""},"product_brand":[3616],"product_cat":[81,981,1387],"product_tag":[],"class_list":{"0":"post-479249","1":"product","2":"type-product","3":"status-publish","4":"has-post-thumbnail","6":"product_brand-crazy-fr","7":"product_cat-vetements","8":"product_cat-vetements-de-loisirs","9":"product_cat-vetements-pour-femmes","10":"sws-gruppo-abb-libero-fr","11":"sws-conto-ricavi-merci-rivendita-abbigliamento-fr","12":"sws-gruppo-iva-iva81-fr","14":"first","15":"instock","16":"sale","17":"shipping-taxable","18":"product-type-variable"},"_links":{"self":[{"href":"https:\/\/lucacastelli.com\/fr\/wp-json\/wp\/v2\/product\/479249","targetHints":{"allow":["GET"]}}],"collection":[{"href":"https:\/\/lucacastelli.com\/fr\/wp-json\/wp\/v2\/product"}],"about":[{"href":"https:\/\/lucacastelli.com\/fr\/wp-json\/wp\/v2\/types\/product"}],"wp:featuredmedia":[{"embeddable":true,"href":"https:\/\/lucacastelli.com\/fr\/wp-json\/wp\/v2\/media\/72542"}],"wp:attachment":[{"href":"https:\/\/lucacastelli.com\/fr\/wp-json\/wp\/v2\/media?parent=479249"}],"wp:term":[{"taxonomy":"product_brand","embeddable":true,"href":"https:\/\/lucacastelli.com\/fr\/wp-json\/wp\/v2\/product_brand?post=479249"},{"taxonomy":"product_cat","embeddable":true,"href":"https:\/\/lucacastelli.com\/fr\/wp-json\/wp\/v2\/product_cat?post=479249"},{"taxonomy":"product_tag","embeddable":true,"href":"https:\/\/lucacastelli.com\/fr\/wp-json\/wp\/v2\/product_tag?post=479249"}],"curies":[{"name":"wp","href":"https:\/\/api.w.org\/{rel}","templated":true}]}}