{"id":479240,"date":"2022-06-28T09:48:54","date_gmt":"2022-06-28T07:48:54","guid":{"rendered":"https:\/\/lucacastelli.com\/?post_type=product&#038;p=479240"},"modified":"2026-04-18T01:40:07","modified_gmt":"2026-04-17T23:40:07","slug":"crazy-tirer-la-lumiere-oxygen-2","status":"publish","type":"product","link":"https:\/\/lucacastelli.com\/fr\/produit\/crazy-tirer-la-lumiere-oxygen-2\/","title":{"rendered":"CRAZY PULL OXYGEN LIGHT"},"content":{"rendered":"<p>Seconde couche de protection pour l&#8217;utilisation alpine en altitude. Le concept innovant de l&#8217;association des tissus avec effet kal\u00e9idoscopique en a fait un v\u00eatement \u00e0 succ\u00e8s. Tissu Stretch Series associ\u00e9 \u00e0 une microfibre avec imprim\u00e9 ext\u00e9rieur r\u00e9fl\u00e9chissant kal\u00e9idoscopique. Capuche int\u00e9gr\u00e9e avec bord \u00e9lastique, bas de manche avec passant pour le pouce, doublure int\u00e9rieure avec fil en graph\u00e8ne \u00e0 l&#8217;int\u00e9rieur et imprim\u00e9 r\u00e9fl\u00e9chissant \u00e0 l&#8217;ext\u00e9rieur.   <\/p>\n<p>Caract\u00e9ristiques :<\/p>\n<p>2 poches lat\u00e9rales<br \/>\nCapuche int\u00e9gr\u00e9e<br \/>\nBas de manche avec passant pour le pouce<br \/>\nFil int\u00e9rieur en graph\u00e8ne<br \/>\nImprim\u00e9 ext\u00e9rieur r\u00e9fl\u00e9chissant<\/p>\n","protected":false},"excerpt":{"rendered":"<p>Seconde couche de protection pour l&#8217;utilisation alpine en altitude. Le concept innovant de l&#8217;association des tissus avec effet kal\u00e9idoscopique en<\/p>\n","protected":false},"featured_media":72458,"template":"","meta":{"_seopress_robots_primary_cat":"","_seopress_titles_title":"","_seopress_titles_desc":"","_seopress_robots_index":""},"product_brand":[3616],"product_cat":[81,981,1387],"product_tag":[],"class_list":{"0":"post-479240","1":"product","2":"type-product","3":"status-publish","4":"has-post-thumbnail","6":"product_brand-crazy-fr","7":"product_cat-vetements","8":"product_cat-vetements-de-loisirs","9":"product_cat-vetements-pour-femmes","10":"sws-gruppo-abb-libero-fr","11":"sws-conto-ricavi-merci-rivendita-abbigliamento-fr","12":"sws-gruppo-iva-iva81-fr","14":"first","15":"instock","16":"sale","17":"shipping-taxable","18":"product-type-variable"},"_links":{"self":[{"href":"https:\/\/lucacastelli.com\/fr\/wp-json\/wp\/v2\/product\/479240","targetHints":{"allow":["GET"]}}],"collection":[{"href":"https:\/\/lucacastelli.com\/fr\/wp-json\/wp\/v2\/product"}],"about":[{"href":"https:\/\/lucacastelli.com\/fr\/wp-json\/wp\/v2\/types\/product"}],"wp:featuredmedia":[{"embeddable":true,"href":"https:\/\/lucacastelli.com\/fr\/wp-json\/wp\/v2\/media\/72458"}],"wp:attachment":[{"href":"https:\/\/lucacastelli.com\/fr\/wp-json\/wp\/v2\/media?parent=479240"}],"wp:term":[{"taxonomy":"product_brand","embeddable":true,"href":"https:\/\/lucacastelli.com\/fr\/wp-json\/wp\/v2\/product_brand?post=479240"},{"taxonomy":"product_cat","embeddable":true,"href":"https:\/\/lucacastelli.com\/fr\/wp-json\/wp\/v2\/product_cat?post=479240"},{"taxonomy":"product_tag","embeddable":true,"href":"https:\/\/lucacastelli.com\/fr\/wp-json\/wp\/v2\/product_tag?post=479240"}],"curies":[{"name":"wp","href":"https:\/\/api.w.org\/{rel}","templated":true}]}}