{"id":479224,"date":"2022-06-28T09:50:50","date_gmt":"2022-06-28T07:50:50","guid":{"rendered":"https:\/\/lucacastelli.com\/?post_type=product&#038;p=479224"},"modified":"2026-04-15T00:02:12","modified_gmt":"2026-04-14T22:02:12","slug":"crazy-skort-hidrogen","status":"publish","type":"product","link":"https:\/\/lucacastelli.com\/fr\/produit\/crazy-skort-hidrogen\/","title":{"rendered":"CRAZY SKORT HIDROGEN"},"content":{"rendered":"<p>Une jupe pour la montagne ? Ce n\u2019est qu\u2019en le portant lors d\u2019une excursion exigeante que vous vous rendrez compte \u00e0 quel point un v\u00eatement, apparemment \u00e0 la mode, peut \u00eatre pratique et confortable. Ceinture \u00e9lastique et short int\u00e9rieur en tissu Italian Revolutional Slim avec des propri\u00e9t\u00e9s de micromassage reconnues qui r\u00e9duisent consid\u00e9rablement l\u2019effet \u00ab&nbsp;peau d\u2019orange&nbsp;\u00bb, tissu ext\u00e9rieur en bi-\u00e9lastique frais et technique Endurance light. Ceinture haute avec poche arri\u00e8re, certaines variantes celles avec imprim\u00e9 r\u00e9fl\u00e9chissant.   <\/p>\n<p>Fonctionnalit\u00e9s:<\/p>\n<p>Short int\u00e9rieur en Revolutional Slim<br \/>\nPoche arri\u00e8re int\u00e9gr\u00e9e \u00e0 la taille<br \/>\nMotifs imprim\u00e9s num\u00e9riquement<br \/>\nLogos<br \/>\nr\u00e9fl\u00e9chissants Ceinture \u00e9lastique<\/p>\n","protected":false},"excerpt":{"rendered":"<p>Une jupe pour la montagne ? Ce n\u2019est qu\u2019en le portant lors d\u2019une excursion exigeante que vous vous rendrez compte<\/p>\n","protected":false},"featured_media":72508,"template":"","meta":{"_seopress_robots_primary_cat":"","_seopress_titles_title":"","_seopress_titles_desc":"","_seopress_robots_index":""},"product_brand":[3616],"product_cat":[81,981,1387],"product_tag":[],"class_list":{"0":"post-479224","1":"product","2":"type-product","3":"status-publish","4":"has-post-thumbnail","6":"product_brand-crazy-fr","7":"product_cat-vetements","8":"product_cat-vetements-de-loisirs","9":"product_cat-vetements-pour-femmes","10":"sws-gruppo-abb-libero","11":"sws-conto-ricavi-merci-rivendita-abbigliamento","12":"sws-gruppo-iva-iva81","14":"first","15":"instock","16":"sale","17":"shipping-taxable","18":"purchasable","19":"product-type-variable"},"_links":{"self":[{"href":"https:\/\/lucacastelli.com\/fr\/wp-json\/wp\/v2\/product\/479224","targetHints":{"allow":["GET"]}}],"collection":[{"href":"https:\/\/lucacastelli.com\/fr\/wp-json\/wp\/v2\/product"}],"about":[{"href":"https:\/\/lucacastelli.com\/fr\/wp-json\/wp\/v2\/types\/product"}],"wp:featuredmedia":[{"embeddable":true,"href":"https:\/\/lucacastelli.com\/fr\/wp-json\/wp\/v2\/media\/72508"}],"wp:attachment":[{"href":"https:\/\/lucacastelli.com\/fr\/wp-json\/wp\/v2\/media?parent=479224"}],"wp:term":[{"taxonomy":"product_brand","embeddable":true,"href":"https:\/\/lucacastelli.com\/fr\/wp-json\/wp\/v2\/product_brand?post=479224"},{"taxonomy":"product_cat","embeddable":true,"href":"https:\/\/lucacastelli.com\/fr\/wp-json\/wp\/v2\/product_cat?post=479224"},{"taxonomy":"product_tag","embeddable":true,"href":"https:\/\/lucacastelli.com\/fr\/wp-json\/wp\/v2\/product_tag?post=479224"}],"curies":[{"name":"wp","href":"https:\/\/api.w.org\/{rel}","templated":true}]}}