{"id":479210,"date":"2022-06-22T19:51:25","date_gmt":"2022-06-22T17:51:25","guid":{"rendered":"https:\/\/lucacastelli.com\/?post_type=product&#038;p=479210"},"modified":"2026-04-18T01:41:09","modified_gmt":"2026-04-17T23:41:09","slug":"crazy-pant-alpinstar-light","status":"publish","type":"product","link":"https:\/\/lucacastelli.com\/fr\/produit\/crazy-pant-alpinstar-light\/","title":{"rendered":"CRAZY PANT ALPINSTAR LIGHT"},"content":{"rendered":"<p>Le pantalon pour femme le plus demand\u00e9 de la collection Crazy, con\u00e7u pour les longs trekkings et l\u2019alpinisme exigeant sans compromis. Fabriqu\u00e9 en tissu Endurance light avec traitement DWR, il dispose de renforts en tissu aux fibres d\u2019argent sur les zones de frottement intense. Taille \u00e9lastique avec cordon de serrage, poches zipp\u00e9es et bas de jambe ajustable par \u00e9lastique pour s\u2019adapter aux chaussures de randonn\u00e9e et de montagne.  <\/p>\n<p>Caract\u00e9ristiques :<\/p>\n<p>Traitement DWR<br \/>\n2 poches lat\u00e9rales zipp\u00e9es<br \/>\nTissu antibact\u00e9rien<br \/>\n\u00c9lastique de r\u00e9glage au bas de la jambe<br \/>\nTaille ouverte<\/p>\n","protected":false},"excerpt":{"rendered":"<p>Le pantalon pour femme le plus demand\u00e9 de la collection Crazy, con\u00e7u pour les longs trekkings et l\u2019alpinisme exigeant sans<\/p>\n","protected":false},"featured_media":71552,"template":"","meta":{"_seopress_robots_primary_cat":"","_seopress_titles_title":"","_seopress_titles_desc":"","_seopress_robots_index":""},"product_brand":[3616],"product_cat":[81,981,1387],"product_tag":[],"class_list":{"0":"post-479210","1":"product","2":"type-product","3":"status-publish","4":"has-post-thumbnail","6":"product_brand-crazy-fr","7":"product_cat-vetements","8":"product_cat-vetements-de-loisirs","9":"product_cat-vetements-pour-femmes","10":"sws-gruppo-abb-libero-fr","11":"sws-conto-ricavi-merci-rivendita-abbigliamento-fr","12":"sws-gruppo-iva-iva81-fr","14":"first","15":"instock","16":"sale","17":"shipping-taxable","18":"product-type-variable"},"_links":{"self":[{"href":"https:\/\/lucacastelli.com\/fr\/wp-json\/wp\/v2\/product\/479210","targetHints":{"allow":["GET"]}}],"collection":[{"href":"https:\/\/lucacastelli.com\/fr\/wp-json\/wp\/v2\/product"}],"about":[{"href":"https:\/\/lucacastelli.com\/fr\/wp-json\/wp\/v2\/types\/product"}],"wp:featuredmedia":[{"embeddable":true,"href":"https:\/\/lucacastelli.com\/fr\/wp-json\/wp\/v2\/media\/71552"}],"wp:attachment":[{"href":"https:\/\/lucacastelli.com\/fr\/wp-json\/wp\/v2\/media?parent=479210"}],"wp:term":[{"taxonomy":"product_brand","embeddable":true,"href":"https:\/\/lucacastelli.com\/fr\/wp-json\/wp\/v2\/product_brand?post=479210"},{"taxonomy":"product_cat","embeddable":true,"href":"https:\/\/lucacastelli.com\/fr\/wp-json\/wp\/v2\/product_cat?post=479210"},{"taxonomy":"product_tag","embeddable":true,"href":"https:\/\/lucacastelli.com\/fr\/wp-json\/wp\/v2\/product_tag?post=479210"}],"curies":[{"name":"wp","href":"https:\/\/api.w.org\/{rel}","templated":true}]}}