{"id":479186,"date":"2022-06-22T19:44:07","date_gmt":"2022-06-22T17:44:07","guid":{"rendered":"https:\/\/lucacastelli.com\/?post_type=product&#038;p=479186"},"modified":"2026-04-18T01:41:05","modified_gmt":"2026-04-17T23:41:05","slug":"crazy-pull-extrafleece-traverse","status":"publish","type":"product","link":"https:\/\/lucacastelli.com\/fr\/produit\/crazy-pull-extrafleece-traverse\/","title":{"rendered":"CRAZY PULL TRAVERSE EXTRAFLEECE"},"content":{"rendered":"<p>Pull hybride \u00e0 capuche avec demi-zip lat\u00e9rale. Id\u00e9al pour une utilisation plus technique, non seulement pour les promenades, mais aussi pour le trekking et le ski-alpinisme, pour les journ\u00e9es les plus froides. La polaire chaude et respirante, associ\u00e9e au tissu HP sous les manches et sous les aisselles, rend cet hybride chaud mais fonctionnel. Capuche avec bord \u00e9lastique et coutures en contraste de couleur sont les caract\u00e9ristiques les plus \u00e9videntes.   <\/p>\n<p>Capuche souple avec bord \u00e9lastique<br \/>\nDemi-zip frontale positionn\u00e9e sur le c\u00f4t\u00e9 droit du cou<br \/>\nGrande poche kangourou avec bords \u00e9lastiques<br \/>\nPoignet avec passant pour le pouce<\/p>\n","protected":false},"excerpt":{"rendered":"<p>Pull hybride \u00e0 capuche avec demi-zip lat\u00e9rale. Id\u00e9al pour une utilisation plus technique, non seulement pour les promenades, mais aussi<\/p>\n","protected":false},"featured_media":71529,"template":"","meta":{"_seopress_robots_primary_cat":"none","_seopress_titles_title":"","_seopress_titles_desc":"","_seopress_robots_index":""},"product_brand":[3616],"product_cat":[81,981,1387],"product_tag":[],"class_list":{"0":"post-479186","1":"product","2":"type-product","3":"status-publish","4":"has-post-thumbnail","6":"product_brand-crazy-fr","7":"product_cat-vetements","8":"product_cat-vetements-de-loisirs","9":"product_cat-vetements-pour-femmes","10":"sws-gruppo-abb-libero-fr","11":"sws-conto-ricavi-merci-rivendita-abbigliamento-fr","12":"sws-gruppo-iva-iva81-fr","14":"first","15":"instock","16":"sale","17":"shipping-taxable","18":"product-type-variable"},"_links":{"self":[{"href":"https:\/\/lucacastelli.com\/fr\/wp-json\/wp\/v2\/product\/479186","targetHints":{"allow":["GET"]}}],"collection":[{"href":"https:\/\/lucacastelli.com\/fr\/wp-json\/wp\/v2\/product"}],"about":[{"href":"https:\/\/lucacastelli.com\/fr\/wp-json\/wp\/v2\/types\/product"}],"wp:featuredmedia":[{"embeddable":true,"href":"https:\/\/lucacastelli.com\/fr\/wp-json\/wp\/v2\/media\/71529"}],"wp:attachment":[{"href":"https:\/\/lucacastelli.com\/fr\/wp-json\/wp\/v2\/media?parent=479186"}],"wp:term":[{"taxonomy":"product_brand","embeddable":true,"href":"https:\/\/lucacastelli.com\/fr\/wp-json\/wp\/v2\/product_brand?post=479186"},{"taxonomy":"product_cat","embeddable":true,"href":"https:\/\/lucacastelli.com\/fr\/wp-json\/wp\/v2\/product_cat?post=479186"},{"taxonomy":"product_tag","embeddable":true,"href":"https:\/\/lucacastelli.com\/fr\/wp-json\/wp\/v2\/product_tag?post=479186"}],"curies":[{"name":"wp","href":"https:\/\/api.w.org\/{rel}","templated":true}]}}