{"id":479173,"date":"2022-06-15T22:41:10","date_gmt":"2022-06-15T20:41:10","guid":{"rendered":"https:\/\/lucacastelli.com\/?post_type=product&#038;p=479173"},"modified":"2026-04-18T01:29:06","modified_gmt":"2026-04-17T23:29:06","slug":"crazy-pant-apres-la-lumiere-2","status":"publish","type":"product","link":"https:\/\/lucacastelli.com\/fr\/produit\/crazy-pant-apres-la-lumiere-2\/","title":{"rendered":"CRAZY PANT AFTER LIGHT"},"content":{"rendered":"<p>Le Pant After est confortable et robuste, son style en fait un v\u00eatement port\u00e9 pour les moments de loisirs, les promenades ou les sorties en ville, mais de tr\u00e8s nombreux acheteurs l&#8217;utilisent pour l&#8217;escalade en falaise ou en salle. C&#8217;est donc un v\u00eatement polyvalent, en plus d&#8217;\u00eatre beau et color\u00e9. Hormis la variante jeans qui est dans tous les cas l\u00e9g\u00e8re et bi-\u00e9lastique, toutes les autres couleurs sont produites en Performance Cotton. La bande caract\u00e9ristique \u00e0 la taille le rend tr\u00e8s confortable m\u00eame pour \u00eatre utilis\u00e9 en portant un baudrier, l&#8217;int\u00e9rieur des poches est \u00e0 motifs.   <\/p>\n<p>Caract\u00e9ristiques :<\/p>\n<p>Bande souple \u00e0 la taille<br \/>\nCordon \u00e9lastique de r\u00e9glage en bas de jambe<br \/>\n2 poches lat\u00e9rales ouvertes et 1 poche arri\u00e8re<\/p>\n","protected":false},"excerpt":{"rendered":"<p>Le Pant After est confortable et robuste, son style en fait un v\u00eatement port\u00e9 pour les moments de loisirs, les<\/p>\n","protected":false},"featured_media":69807,"template":"","meta":{"_seopress_robots_primary_cat":"","_seopress_titles_title":"","_seopress_titles_desc":"","_seopress_robots_index":""},"product_brand":[3616],"product_cat":[81,981,1387],"product_tag":[],"class_list":{"0":"post-479173","1":"product","2":"type-product","3":"status-publish","4":"has-post-thumbnail","6":"product_brand-crazy-fr","7":"product_cat-vetements","8":"product_cat-vetements-de-loisirs","9":"product_cat-vetements-pour-femmes","10":"sws-gruppo-abb-libero-fr","11":"sws-conto-ricavi-merci-rivendita-abbigliamento-fr","12":"sws-gruppo-iva-iva81-fr","14":"first","15":"instock","16":"sale","17":"shipping-taxable","18":"product-type-variable"},"_links":{"self":[{"href":"https:\/\/lucacastelli.com\/fr\/wp-json\/wp\/v2\/product\/479173","targetHints":{"allow":["GET"]}}],"collection":[{"href":"https:\/\/lucacastelli.com\/fr\/wp-json\/wp\/v2\/product"}],"about":[{"href":"https:\/\/lucacastelli.com\/fr\/wp-json\/wp\/v2\/types\/product"}],"wp:featuredmedia":[{"embeddable":true,"href":"https:\/\/lucacastelli.com\/fr\/wp-json\/wp\/v2\/media\/69807"}],"wp:attachment":[{"href":"https:\/\/lucacastelli.com\/fr\/wp-json\/wp\/v2\/media?parent=479173"}],"wp:term":[{"taxonomy":"product_brand","embeddable":true,"href":"https:\/\/lucacastelli.com\/fr\/wp-json\/wp\/v2\/product_brand?post=479173"},{"taxonomy":"product_cat","embeddable":true,"href":"https:\/\/lucacastelli.com\/fr\/wp-json\/wp\/v2\/product_cat?post=479173"},{"taxonomy":"product_tag","embeddable":true,"href":"https:\/\/lucacastelli.com\/fr\/wp-json\/wp\/v2\/product_tag?post=479173"}],"curies":[{"name":"wp","href":"https:\/\/api.w.org\/{rel}","templated":true}]}}