{"id":479165,"date":"2022-06-15T22:43:06","date_gmt":"2022-06-15T20:43:06","guid":{"rendered":"https:\/\/lucacastelli.com\/?post_type=product&#038;p=479165"},"modified":"2026-04-18T01:29:13","modified_gmt":"2026-04-17T23:29:13","slug":"crazy-pant-resolution-lumiere","status":"publish","type":"product","link":"https:\/\/lucacastelli.com\/fr\/produit\/crazy-pant-resolution-lumiere\/","title":{"rendered":"CRAZY PANT RESOLUTION LIGHT"},"content":{"rendered":"<p>Confortable, pratique, polyvalent, mais surtout esth\u00e9tique, avec ces caract\u00e9ristiques, le pantalon de la ligne Resolution est id\u00e9al pour les activit\u00e9s de plein air les plus agr\u00e9ables. Il est fabriqu\u00e9 en tissu Endurance Light, bi-extensible, frais et l\u00e9ger. Le design est caract\u00e9ris\u00e9 par la large ceinture confortable de couleur contrast\u00e9e et la poche appliqu\u00e9e sur la jambe. La ceinture ouvrable se ferme avec des boutons \u00ab&nbsp;Cobrax&nbsp;\u00bb \u00e0 haute t\u00e9nacit\u00e9&nbsp;; en plus de la poche sur la jambe mentionn\u00e9e, les deux poches lat\u00e9rales sont \u00e9galement zipp\u00e9es.   <\/p>\n<p>Caract\u00e9ristiques :<\/p>\n<p>Deux poches lat\u00e9rales zipp\u00e9es<br \/>\nUne poche d\u00e9coup\u00e9e au laser et coll\u00e9e sur la cuisse<br \/>\nPassants pour ceinture<br \/>\nBoutons-pression de fermeture \u00e0 la taille ultra-plats mod\u00e8le COBRAX \u00e0 haute t\u00e9nacit\u00e9<br \/>\nBas r\u00e9glable avec boutons<\/p>\n","protected":false},"excerpt":{"rendered":"<p>Confortable, pratique, polyvalent, mais surtout esth\u00e9tique, avec ces caract\u00e9ristiques, le pantalon de la ligne Resolution est id\u00e9al pour les activit\u00e9s<\/p>\n","protected":false},"featured_media":69828,"template":"","meta":{"_seopress_robots_primary_cat":"","_seopress_titles_title":"","_seopress_titles_desc":"","_seopress_robots_index":""},"product_brand":[3616],"product_cat":[81,981,982],"product_tag":[],"class_list":{"0":"post-479165","1":"product","2":"type-product","3":"status-publish","4":"has-post-thumbnail","6":"product_brand-crazy-fr","7":"product_cat-vetements","8":"product_cat-vetements-de-loisirs","9":"product_cat-vetements-pour-hommes","10":"sws-gruppo-abb-libero-fr","11":"sws-conto-ricavi-merci-rivendita-abbigliamento-fr","12":"sws-gruppo-iva-iva81-fr","14":"first","15":"instock","16":"sale","17":"shipping-taxable","18":"product-type-variable"},"_links":{"self":[{"href":"https:\/\/lucacastelli.com\/fr\/wp-json\/wp\/v2\/product\/479165","targetHints":{"allow":["GET"]}}],"collection":[{"href":"https:\/\/lucacastelli.com\/fr\/wp-json\/wp\/v2\/product"}],"about":[{"href":"https:\/\/lucacastelli.com\/fr\/wp-json\/wp\/v2\/types\/product"}],"wp:featuredmedia":[{"embeddable":true,"href":"https:\/\/lucacastelli.com\/fr\/wp-json\/wp\/v2\/media\/69828"}],"wp:attachment":[{"href":"https:\/\/lucacastelli.com\/fr\/wp-json\/wp\/v2\/media?parent=479165"}],"wp:term":[{"taxonomy":"product_brand","embeddable":true,"href":"https:\/\/lucacastelli.com\/fr\/wp-json\/wp\/v2\/product_brand?post=479165"},{"taxonomy":"product_cat","embeddable":true,"href":"https:\/\/lucacastelli.com\/fr\/wp-json\/wp\/v2\/product_cat?post=479165"},{"taxonomy":"product_tag","embeddable":true,"href":"https:\/\/lucacastelli.com\/fr\/wp-json\/wp\/v2\/product_tag?post=479165"}],"curies":[{"name":"wp","href":"https:\/\/api.w.org\/{rel}","templated":true}]}}