{"id":479155,"date":"2022-06-10T18:55:01","date_gmt":"2022-06-10T16:55:01","guid":{"rendered":"https:\/\/lucacastelli.com\/?post_type=product&#038;p=479155"},"modified":"2026-04-18T01:30:15","modified_gmt":"2026-04-17T23:30:15","slug":"crazy-lumiere-de-resolution-de-traction","status":"publish","type":"product","link":"https:\/\/lucacastelli.com\/fr\/produit\/crazy-lumiere-de-resolution-de-traction\/","title":{"rendered":"CRAZY PULL RESOLUTION LIGHT"},"content":{"rendered":"<p>Le pull \u00e0 capuche best-seller de la collection trekking Crazy, un style unique parmi les plus imit\u00e9s. Fabriqu\u00e9 avec le tissu HP3D \u00e0 structure alv\u00e9olaire choisi par notre d\u00e9partement R&amp;D pour le juste \u00e9quilibre entre l\u00e9g\u00e8ret\u00e9, chaleur et \u00e9vacuation de l\u2019humidit\u00e9. Les grandes poches sont zipp\u00e9es, les coutures plates contrast\u00e9es et le bord \u00e9lastique de la capuche permettent de l\u2019utiliser \u00e9galement sous un casque.<\/p>\n<p>Caract\u00e9ristiques :<\/p>\n<p>Capuche avec bord \u00e9lastique<br \/>\nCoutures plates contrast\u00e9es<br \/>\nGrandes poches zipp\u00e9es<br \/>\nBordure \u00e9lastique au bas et aux poignets<\/p>\n","protected":false},"excerpt":{"rendered":"<p>Le pull \u00e0 capuche best-seller de la collection trekking Crazy, un style unique parmi les plus imit\u00e9s. Fabriqu\u00e9 avec le<\/p>\n","protected":false},"featured_media":65323,"template":"","meta":{"_seopress_robots_primary_cat":"","_seopress_titles_title":"","_seopress_titles_desc":"","_seopress_robots_index":""},"product_brand":[3616],"product_cat":[81,981,982],"product_tag":[],"class_list":{"0":"post-479155","1":"product","2":"type-product","3":"status-publish","4":"has-post-thumbnail","6":"product_brand-crazy-fr","7":"product_cat-vetements","8":"product_cat-vetements-de-loisirs","9":"product_cat-vetements-pour-hommes","10":"sws-gruppo-abb-libero-fr","11":"sws-conto-ricavi-merci-rivendita-abbigliamento-fr","12":"sws-gruppo-iva-iva81-fr","14":"first","15":"instock","16":"sale","17":"shipping-taxable","18":"product-type-variable"},"_links":{"self":[{"href":"https:\/\/lucacastelli.com\/fr\/wp-json\/wp\/v2\/product\/479155","targetHints":{"allow":["GET"]}}],"collection":[{"href":"https:\/\/lucacastelli.com\/fr\/wp-json\/wp\/v2\/product"}],"about":[{"href":"https:\/\/lucacastelli.com\/fr\/wp-json\/wp\/v2\/types\/product"}],"wp:featuredmedia":[{"embeddable":true,"href":"https:\/\/lucacastelli.com\/fr\/wp-json\/wp\/v2\/media\/65323"}],"wp:attachment":[{"href":"https:\/\/lucacastelli.com\/fr\/wp-json\/wp\/v2\/media?parent=479155"}],"wp:term":[{"taxonomy":"product_brand","embeddable":true,"href":"https:\/\/lucacastelli.com\/fr\/wp-json\/wp\/v2\/product_brand?post=479155"},{"taxonomy":"product_cat","embeddable":true,"href":"https:\/\/lucacastelli.com\/fr\/wp-json\/wp\/v2\/product_cat?post=479155"},{"taxonomy":"product_tag","embeddable":true,"href":"https:\/\/lucacastelli.com\/fr\/wp-json\/wp\/v2\/product_tag?post=479155"}],"curies":[{"name":"wp","href":"https:\/\/api.w.org\/{rel}","templated":true}]}}