{"id":479154,"date":"2022-06-10T18:44:57","date_gmt":"2022-06-10T16:44:57","guid":{"rendered":"https:\/\/lucacastelli.com\/?post_type=product&#038;p=479154"},"modified":"2026-04-18T01:29:56","modified_gmt":"2026-04-17T23:29:56","slug":"crazy-gilet-alpinstar-light","status":"publish","type":"product","link":"https:\/\/lucacastelli.com\/fr\/produit\/crazy-gilet-alpinstar-light\/","title":{"rendered":"CRAZY GILET ALPINSTAR LIGHT"},"content":{"rendered":"<p>Gilet en softshell, un v\u00eatement pour le trekking actif, tr\u00e8s respirant offrant une bonne protection contre le vent. Fabriqu\u00e9 en tissu Endurance, \u00e9galement utilis\u00e9 pour tous les pantalons techniques pour sa l\u00e9g\u00e8ret\u00e9, sa respirabilit\u00e9, sa protection contre les intemp\u00e9ries, sa d\u00e9perlance et son \u00e9lasticit\u00e9, la partie avant est en microfibre produite avec du fil de graph\u00e8ne. Le col haut et ajust\u00e9, deux grandes poches zipp\u00e9es et une coupe Regular sont ses caract\u00e9ristiques principales.  <\/p>\n<p>Caract\u00e9ristiques :<\/p>\n<p>Col haut et ajust\u00e9<br \/>\nDeux grandes poches lat\u00e9rales zipp\u00e9es<br \/>\nFermeture \u00e9clair avec rabat de protection<br \/>\nInserts et logos r\u00e9fl\u00e9chissants<\/p>\n","protected":false},"excerpt":{"rendered":"<p>Gilet en softshell, un v\u00eatement pour le trekking actif, tr\u00e8s respirant offrant une bonne protection contre le vent. Fabriqu\u00e9 en<\/p>\n","protected":false},"featured_media":65297,"template":"","meta":{"_seopress_robots_primary_cat":"none","_seopress_titles_title":"","_seopress_titles_desc":"","_seopress_robots_index":""},"product_brand":[3616],"product_cat":[81,981,1387],"product_tag":[],"class_list":{"0":"post-479154","1":"product","2":"type-product","3":"status-publish","4":"has-post-thumbnail","6":"product_brand-crazy-fr","7":"product_cat-vetements","8":"product_cat-vetements-de-loisirs","9":"product_cat-vetements-pour-femmes","10":"sws-gruppo-abb-libero-fr","11":"sws-conto-ricavi-merci-rivendita-abbigliamento-fr","12":"sws-gruppo-iva-iva81-fr","14":"first","15":"instock","16":"sale","17":"shipping-taxable","18":"product-type-variable"},"_links":{"self":[{"href":"https:\/\/lucacastelli.com\/fr\/wp-json\/wp\/v2\/product\/479154","targetHints":{"allow":["GET"]}}],"collection":[{"href":"https:\/\/lucacastelli.com\/fr\/wp-json\/wp\/v2\/product"}],"about":[{"href":"https:\/\/lucacastelli.com\/fr\/wp-json\/wp\/v2\/types\/product"}],"wp:featuredmedia":[{"embeddable":true,"href":"https:\/\/lucacastelli.com\/fr\/wp-json\/wp\/v2\/media\/65297"}],"wp:attachment":[{"href":"https:\/\/lucacastelli.com\/fr\/wp-json\/wp\/v2\/media?parent=479154"}],"wp:term":[{"taxonomy":"product_brand","embeddable":true,"href":"https:\/\/lucacastelli.com\/fr\/wp-json\/wp\/v2\/product_brand?post=479154"},{"taxonomy":"product_cat","embeddable":true,"href":"https:\/\/lucacastelli.com\/fr\/wp-json\/wp\/v2\/product_cat?post=479154"},{"taxonomy":"product_tag","embeddable":true,"href":"https:\/\/lucacastelli.com\/fr\/wp-json\/wp\/v2\/product_tag?post=479154"}],"curies":[{"name":"wp","href":"https:\/\/api.w.org\/{rel}","templated":true}]}}