{"id":479139,"date":"2022-06-10T18:53:06","date_gmt":"2022-06-10T16:53:06","guid":{"rendered":"https:\/\/lucacastelli.com\/?post_type=product&#038;p=479139"},"modified":"2026-04-15T00:02:12","modified_gmt":"2026-04-14T22:02:12","slug":"crazy-resolution-courte","status":"publish","type":"product","link":"https:\/\/lucacastelli.com\/fr\/produit\/crazy-resolution-courte\/","title":{"rendered":"CRAZY R\u00c9SOLUTION COURTE"},"content":{"rendered":"<p>Les shorts ne sont pas tous les m\u00eames, le style, le confort et la construction fine du Resolution rendent ce pantalon compl\u00e8tement diff\u00e9rent de tous les autres, parfait pour une journ\u00e9e active en plein air. Fabriqu\u00e9 avec Endurance Light, l\u00e9ger, respirant et bi-\u00e9lastique, taille ouverte avec boutons \u00ab&nbsp;COBRAX&nbsp;\u00bb ultra-plats super r\u00e9sistants, poches lat\u00e9rales et poche plaqu\u00e9e sur la jambe avec fermeture \u00e9clair. <\/p>\n<p>Fonctionnalit\u00e9s:<\/p>\n<p>2 poches lat\u00e9rales soud\u00e9es + 1 sur la jambe avec zip<br \/>\nTaille<br \/>\nouverte Boutons taille ultra-plats tr\u00e8s r\u00e9sistants, mod\u00e8le COBRAX<\/p>\n","protected":false},"excerpt":{"rendered":"<p>Les shorts ne sont pas tous les m\u00eames, le style, le confort et la construction fine du Resolution rendent ce<\/p>\n","protected":false},"featured_media":65313,"template":"","meta":{"_seopress_robots_primary_cat":"","_seopress_titles_title":"","_seopress_titles_desc":"","_seopress_robots_index":""},"product_brand":[3616],"product_cat":[81,981,982],"product_tag":[],"class_list":{"0":"post-479139","1":"product","2":"type-product","3":"status-publish","4":"has-post-thumbnail","6":"product_brand-crazy-fr","7":"product_cat-vetements","8":"product_cat-vetements-de-loisirs","9":"product_cat-vetements-pour-hommes","10":"sws-gruppo-abb-libero","11":"sws-conto-ricavi-merci-rivendita-abbigliamento","12":"sws-gruppo-iva-iva81","14":"first","15":"instock","16":"sale","17":"shipping-taxable","18":"purchasable","19":"product-type-variable"},"_links":{"self":[{"href":"https:\/\/lucacastelli.com\/fr\/wp-json\/wp\/v2\/product\/479139","targetHints":{"allow":["GET"]}}],"collection":[{"href":"https:\/\/lucacastelli.com\/fr\/wp-json\/wp\/v2\/product"}],"about":[{"href":"https:\/\/lucacastelli.com\/fr\/wp-json\/wp\/v2\/types\/product"}],"wp:featuredmedia":[{"embeddable":true,"href":"https:\/\/lucacastelli.com\/fr\/wp-json\/wp\/v2\/media\/65313"}],"wp:attachment":[{"href":"https:\/\/lucacastelli.com\/fr\/wp-json\/wp\/v2\/media?parent=479139"}],"wp:term":[{"taxonomy":"product_brand","embeddable":true,"href":"https:\/\/lucacastelli.com\/fr\/wp-json\/wp\/v2\/product_brand?post=479139"},{"taxonomy":"product_cat","embeddable":true,"href":"https:\/\/lucacastelli.com\/fr\/wp-json\/wp\/v2\/product_cat?post=479139"},{"taxonomy":"product_tag","embeddable":true,"href":"https:\/\/lucacastelli.com\/fr\/wp-json\/wp\/v2\/product_tag?post=479139"}],"curies":[{"name":"wp","href":"https:\/\/api.w.org\/{rel}","templated":true}]}}