{"id":479133,"date":"2022-06-10T14:24:12","date_gmt":"2022-06-10T12:24:12","guid":{"rendered":"https:\/\/lucacastelli.com\/?post_type=product&#038;p=479133"},"modified":"2026-04-18T01:30:00","modified_gmt":"2026-04-17T23:30:00","slug":"crazy-pant-mi-pression","status":"publish","type":"product","link":"https:\/\/lucacastelli.com\/fr\/produit\/crazy-pant-mi-pression\/","title":{"rendered":"CRAZY PANT MID PRESSURE"},"content":{"rendered":"<p>Pantalon 3\/4 pour les longues s\u00e9ances d&#8217;entra\u00eenement, id\u00e9al pour les mi-saisons ou pour la course en altitude. R\u00e9alis\u00e9 avec des tissus diff\u00e9renci\u00e9s, Revolutional slim qui aide \u00e0 dissiper l&#8217;acide lactique et \u00e0 am\u00e9liorer la microcirculation. Technologie Laser cut microperfor\u00e9e pour diff\u00e9rencier les zones n\u00e9cessitant une meilleure a\u00e9ration. Ourlet bas de jambe coup\u00e9 \u00e0 vif. La ceinture confortable est dot\u00e9e d&#8217;une poche spacieuse en filet et d&#8217;une poche arri\u00e8re avec fermeture zip ainsi que de deux poches avec fermeture easy pocket sur les c\u00f4t\u00e9s, agr\u00e9ment\u00e9 de logos r\u00e9fl\u00e9chissants.    <\/p>\n<p>Tissus diff\u00e9renci\u00e9s<br \/>\nZones \u00e0 respirabilit\u00e9 diff\u00e9renci\u00e9e avec micro-zones laseris\u00e9es<br \/>\nCeinture multipoches et poche arri\u00e8re avec zip<br \/>\nDeux poches avec fermeture easy pocket sur les c\u00f4t\u00e9s<\/p>\n","protected":false},"excerpt":{"rendered":"<p>Pantalon 3\/4 pour les longues s\u00e9ances d&#8217;entra\u00eenement, id\u00e9al pour les mi-saisons ou pour la course en altitude. R\u00e9alis\u00e9 avec des<\/p>\n","protected":false},"featured_media":64817,"template":"","meta":{"_seopress_robots_primary_cat":"","_seopress_titles_title":"","_seopress_titles_desc":"","_seopress_robots_index":""},"product_brand":[3616],"product_cat":[81,981,1387],"product_tag":[],"class_list":{"0":"post-479133","1":"product","2":"type-product","3":"status-publish","4":"has-post-thumbnail","6":"product_brand-crazy-fr","7":"product_cat-vetements","8":"product_cat-vetements-de-loisirs","9":"product_cat-vetements-pour-femmes","10":"sws-gruppo-abb-libero-fr","11":"sws-conto-ricavi-merci-rivendita-abbigliamento-fr","12":"sws-gruppo-iva-iva81-fr","14":"first","15":"instock","16":"sale","17":"shipping-taxable","18":"product-type-variable"},"_links":{"self":[{"href":"https:\/\/lucacastelli.com\/fr\/wp-json\/wp\/v2\/product\/479133","targetHints":{"allow":["GET"]}}],"collection":[{"href":"https:\/\/lucacastelli.com\/fr\/wp-json\/wp\/v2\/product"}],"about":[{"href":"https:\/\/lucacastelli.com\/fr\/wp-json\/wp\/v2\/types\/product"}],"wp:featuredmedia":[{"embeddable":true,"href":"https:\/\/lucacastelli.com\/fr\/wp-json\/wp\/v2\/media\/64817"}],"wp:attachment":[{"href":"https:\/\/lucacastelli.com\/fr\/wp-json\/wp\/v2\/media?parent=479133"}],"wp:term":[{"taxonomy":"product_brand","embeddable":true,"href":"https:\/\/lucacastelli.com\/fr\/wp-json\/wp\/v2\/product_brand?post=479133"},{"taxonomy":"product_cat","embeddable":true,"href":"https:\/\/lucacastelli.com\/fr\/wp-json\/wp\/v2\/product_cat?post=479133"},{"taxonomy":"product_tag","embeddable":true,"href":"https:\/\/lucacastelli.com\/fr\/wp-json\/wp\/v2\/product_tag?post=479133"}],"curies":[{"name":"wp","href":"https:\/\/api.w.org\/{rel}","templated":true}]}}