{"id":479107,"date":"2022-06-10T14:18:27","date_gmt":"2022-06-10T12:18:27","guid":{"rendered":"https:\/\/lucacastelli.com\/?post_type=product&#038;p=479107"},"modified":"2026-04-18T01:29:56","modified_gmt":"2026-04-17T23:29:56","slug":"crazy-t-shirt-ionic","status":"publish","type":"product","link":"https:\/\/lucacastelli.com\/fr\/produit\/crazy-t-shirt-ionic\/","title":{"rendered":"T-SHIRT CRAZY IONIC"},"content":{"rendered":"<p>Ionic est le nom de la collection trekking femme de CRAZY la plus reconnue, le t-shirt en repr\u00e9sente le concept. Le tissu utilis\u00e9 est une microfibre fra\u00eeche G2 avec traitement anti-odeur et s\u00e9chage rapide HEIQ. Le col est en V, les coutures plates et les logos r\u00e9fl\u00e9chissants.  <\/p>\n<p>Caract\u00e9ristiques :<\/p>\n<p>Col en V<br \/>\nCoutures plates en contraste de couleur<br \/>\nTissus diff\u00e9renci\u00e9s avec traitement rapid dry HEIQ<\/p>\n","protected":false},"excerpt":{"rendered":"<p>Ionic est le nom de la collection trekking femme de CRAZY la plus reconnue, le t-shirt en repr\u00e9sente le concept.<\/p>\n","protected":false},"featured_media":64774,"template":"","meta":{"_seopress_robots_primary_cat":"","_seopress_titles_title":"","_seopress_titles_desc":"","_seopress_robots_index":""},"product_brand":[3616],"product_cat":[81,981,1387],"product_tag":[],"class_list":{"0":"post-479107","1":"product","2":"type-product","3":"status-publish","4":"has-post-thumbnail","6":"product_brand-crazy-fr","7":"product_cat-vetements","8":"product_cat-vetements-de-loisirs","9":"product_cat-vetements-pour-femmes","10":"sws-gruppo-abb-libero-fr","11":"sws-conto-ricavi-merci-rivendita-abbigliamento-fr","12":"sws-gruppo-iva-iva81-fr","14":"first","15":"instock","16":"sale","17":"shipping-taxable","18":"product-type-variable"},"_links":{"self":[{"href":"https:\/\/lucacastelli.com\/fr\/wp-json\/wp\/v2\/product\/479107","targetHints":{"allow":["GET"]}}],"collection":[{"href":"https:\/\/lucacastelli.com\/fr\/wp-json\/wp\/v2\/product"}],"about":[{"href":"https:\/\/lucacastelli.com\/fr\/wp-json\/wp\/v2\/types\/product"}],"wp:featuredmedia":[{"embeddable":true,"href":"https:\/\/lucacastelli.com\/fr\/wp-json\/wp\/v2\/media\/64774"}],"wp:attachment":[{"href":"https:\/\/lucacastelli.com\/fr\/wp-json\/wp\/v2\/media?parent=479107"}],"wp:term":[{"taxonomy":"product_brand","embeddable":true,"href":"https:\/\/lucacastelli.com\/fr\/wp-json\/wp\/v2\/product_brand?post=479107"},{"taxonomy":"product_cat","embeddable":true,"href":"https:\/\/lucacastelli.com\/fr\/wp-json\/wp\/v2\/product_cat?post=479107"},{"taxonomy":"product_tag","embeddable":true,"href":"https:\/\/lucacastelli.com\/fr\/wp-json\/wp\/v2\/product_tag?post=479107"}],"curies":[{"name":"wp","href":"https:\/\/api.w.org\/{rel}","templated":true}]}}