{"id":479077,"date":"2022-06-10T05:01:30","date_gmt":"2022-06-10T03:01:30","guid":{"rendered":"https:\/\/lucacastelli.com\/?post_type=product&#038;p=479077"},"modified":"2026-03-01T00:26:31","modified_gmt":"2026-02-28T23:26:31","slug":"crazy-t-shirt-slash","status":"publish","type":"product","link":"https:\/\/lucacastelli.com\/fr\/produit\/crazy-t-shirt-slash\/","title":{"rendered":"CRAZY T-SHIRT SLASH"},"content":{"rendered":"<p>T-shirt con\u00e7u pour courir les jours les plus chauds, fabriqu\u00e9 avec un tissu incroyablement respirant et l\u00e9ger, on\/off. Haut int\u00e9rieur int\u00e9gr\u00e9 en microfibre \u00e0 s\u00e9chage rapide, facilement amovible avec micro-bouton \u00e0 l\u2019arri\u00e8re. Fond arrondi avec empi\u00e8cements lat\u00e9raux en maille.  <\/p>\n<p>Fonctionnalit\u00e9s:<\/p>\n<p>Tissu tr\u00e8s respirant et l\u00e9ger<br \/>\nHaut int\u00e9rieur en microfibre<\/p>\n","protected":false},"excerpt":{"rendered":"<p>T-shirt con\u00e7u pour courir les jours les plus chauds, fabriqu\u00e9 avec un tissu incroyablement respirant et l\u00e9ger, on\/off. Haut int\u00e9rieur<\/p>\n","protected":false},"featured_media":64090,"template":"","meta":{"_seopress_robots_primary_cat":"","_seopress_titles_title":"","_seopress_titles_desc":"","_seopress_robots_index":""},"product_brand":[3413],"product_cat":[21,189,200],"product_tag":[],"class_list":{"0":"post-479077","1":"product","2":"type-product","3":"status-publish","4":"has-post-thumbnail","6":"product_brand-crazy","7":"product_cat-abbigliamento","8":"product_cat-abbigliamento-per-il-tempo-libero","9":"product_cat-abbigliamento-da-donna","10":"sws-gruppo-abb-libero-fr","11":"sws-conto-ricavi-merci-rivendita-abbigliamento-fr","12":"sws-gruppo-iva-iva81-fr","14":"first","15":"instock","16":"shipping-taxable","17":"purchasable","18":"product-type-variable"},"_links":{"self":[{"href":"https:\/\/lucacastelli.com\/fr\/wp-json\/wp\/v2\/product\/479077","targetHints":{"allow":["GET"]}}],"collection":[{"href":"https:\/\/lucacastelli.com\/fr\/wp-json\/wp\/v2\/product"}],"about":[{"href":"https:\/\/lucacastelli.com\/fr\/wp-json\/wp\/v2\/types\/product"}],"wp:featuredmedia":[{"embeddable":true,"href":"https:\/\/lucacastelli.com\/fr\/wp-json\/wp\/v2\/media\/64090"}],"wp:attachment":[{"href":"https:\/\/lucacastelli.com\/fr\/wp-json\/wp\/v2\/media?parent=479077"}],"wp:term":[{"taxonomy":"product_brand","embeddable":true,"href":"https:\/\/lucacastelli.com\/fr\/wp-json\/wp\/v2\/product_brand?post=479077"},{"taxonomy":"product_cat","embeddable":true,"href":"https:\/\/lucacastelli.com\/fr\/wp-json\/wp\/v2\/product_cat?post=479077"},{"taxonomy":"product_tag","embeddable":true,"href":"https:\/\/lucacastelli.com\/fr\/wp-json\/wp\/v2\/product_tag?post=479077"}],"curies":[{"name":"wp","href":"https:\/\/api.w.org\/{rel}","templated":true}]}}