{"id":479057,"date":"2022-06-10T03:18:53","date_gmt":"2022-06-10T01:18:53","guid":{"rendered":"https:\/\/lucacastelli.com\/?post_type=product&#038;p=479057"},"modified":"2026-03-01T00:26:33","modified_gmt":"2026-02-28T23:26:33","slug":"crazy-t-shirt-aloha","status":"publish","type":"product","link":"https:\/\/lucacastelli.com\/fr\/produit\/crazy-t-shirt-aloha\/","title":{"rendered":"CRAZY T-SHIRT ALOHA"},"content":{"rendered":"<p>Le t-shirt Aloha repr\u00e9sente ce que Crazy dit \u00eatre le style de vie, un style jeune, color\u00e9 et joyeux. Fabriqu\u00e9 en tissu polyester frais et imprim\u00e9 en viscose sur toute la surface, il est id\u00e9al pour les journ\u00e9es les plus chaudes. La construction torsad\u00e9e avec coupe en biais et fente dans le bas du dos donne une coupe non conventionnelle caract\u00e9ristique.  <\/p>\n<p>Construction Twister respirante<br \/>\nenti\u00e8rement imprim\u00e9e<\/p>\n","protected":false},"excerpt":{"rendered":"<p>Le t-shirt Aloha repr\u00e9sente ce que Crazy dit \u00eatre le style de vie, un style jeune, color\u00e9 et joyeux. Fabriqu\u00e9<\/p>\n","protected":false},"featured_media":63610,"template":"","meta":{"_seopress_robots_primary_cat":"","_seopress_titles_title":"","_seopress_titles_desc":"","_seopress_robots_index":""},"product_brand":[3413],"product_cat":[21,189,200],"product_tag":[],"class_list":{"0":"post-479057","1":"product","2":"type-product","3":"status-publish","4":"has-post-thumbnail","6":"product_brand-crazy","7":"product_cat-abbigliamento","8":"product_cat-abbigliamento-per-il-tempo-libero","9":"product_cat-abbigliamento-da-donna","10":"sws-gruppo-abb-libero-fr","11":"sws-conto-ricavi-merci-rivendita-abbigliamento-fr","12":"sws-gruppo-iva-iva81-fr","14":"first","15":"instock","16":"shipping-taxable","17":"purchasable","18":"product-type-variable"},"_links":{"self":[{"href":"https:\/\/lucacastelli.com\/fr\/wp-json\/wp\/v2\/product\/479057","targetHints":{"allow":["GET"]}}],"collection":[{"href":"https:\/\/lucacastelli.com\/fr\/wp-json\/wp\/v2\/product"}],"about":[{"href":"https:\/\/lucacastelli.com\/fr\/wp-json\/wp\/v2\/types\/product"}],"wp:featuredmedia":[{"embeddable":true,"href":"https:\/\/lucacastelli.com\/fr\/wp-json\/wp\/v2\/media\/63610"}],"wp:attachment":[{"href":"https:\/\/lucacastelli.com\/fr\/wp-json\/wp\/v2\/media?parent=479057"}],"wp:term":[{"taxonomy":"product_brand","embeddable":true,"href":"https:\/\/lucacastelli.com\/fr\/wp-json\/wp\/v2\/product_brand?post=479057"},{"taxonomy":"product_cat","embeddable":true,"href":"https:\/\/lucacastelli.com\/fr\/wp-json\/wp\/v2\/product_cat?post=479057"},{"taxonomy":"product_tag","embeddable":true,"href":"https:\/\/lucacastelli.com\/fr\/wp-json\/wp\/v2\/product_tag?post=479057"}],"curies":[{"name":"wp","href":"https:\/\/api.w.org\/{rel}","templated":true}]}}