{"id":479039,"date":"2022-06-10T03:38:33","date_gmt":"2022-06-10T01:38:33","guid":{"rendered":"https:\/\/lucacastelli.com\/?post_type=product&#038;p=479039"},"modified":"2026-03-01T00:26:30","modified_gmt":"2026-02-28T23:26:30","slug":"crazy-lumiere-ionique-pull","status":"publish","type":"product","link":"https:\/\/lucacastelli.com\/fr\/produit\/crazy-lumiere-ionique-pull\/","title":{"rendered":"CRAZY LUMI\u00c8RE IONIQUE PULL"},"content":{"rendered":"<p>Le pull Ionic est le best-seller des pulls de trekking, une deuxi\u00e8me couche caract\u00e9ris\u00e9e par un m\u00e9lange inimitable de couleurs \u00e0 tel point qu\u2019il est consid\u00e9r\u00e9 comme un v\u00eatement \u00e0 la mode. Il est produit avec un tissu en nid d\u2019abeille HP 3D, doux, l\u00e9ger et respirant. Fermeture \u00e9clair frontale enti\u00e8rement ouvrable, capuche avec passepoil \u00e9lastique, poches pour les mains avec fermeture \u00e0 glissi\u00e8re et logos r\u00e9fl\u00e9chissants.  <\/p>\n<p>Fonctionnalit\u00e9s:<\/p>\n<p>2 poches lat\u00e9rales<br \/>\nLogos<br \/>\nr\u00e9fl\u00e9chissants Coutures plates<br \/>\nCapuche avec bordure \u00e9lastique<br \/>\nFermeture \u00e9clair frontale divisible<\/p>\n","protected":false},"excerpt":{"rendered":"<p>Le pull Ionic est le best-seller des pulls de trekking, une deuxi\u00e8me couche caract\u00e9ris\u00e9e par un m\u00e9lange inimitable de couleurs<\/p>\n","protected":false},"featured_media":63793,"template":"","meta":{"_seopress_robots_primary_cat":"","_seopress_titles_title":"","_seopress_titles_desc":"","_seopress_robots_index":""},"product_brand":[3616],"product_cat":[81,981,1387],"product_tag":[],"class_list":{"0":"post-479039","1":"product","2":"type-product","3":"status-publish","4":"has-post-thumbnail","6":"product_brand-crazy-fr","7":"product_cat-vetements","8":"product_cat-vetements-de-loisirs","9":"product_cat-vetements-pour-femmes","10":"sws-gruppo-abb-libero-fr","11":"sws-conto-ricavi-merci-rivendita-abbigliamento-fr","12":"sws-gruppo-iva-iva81-fr","14":"first","15":"instock","16":"shipping-taxable","17":"purchasable","18":"product-type-variable"},"_links":{"self":[{"href":"https:\/\/lucacastelli.com\/fr\/wp-json\/wp\/v2\/product\/479039","targetHints":{"allow":["GET"]}}],"collection":[{"href":"https:\/\/lucacastelli.com\/fr\/wp-json\/wp\/v2\/product"}],"about":[{"href":"https:\/\/lucacastelli.com\/fr\/wp-json\/wp\/v2\/types\/product"}],"wp:featuredmedia":[{"embeddable":true,"href":"https:\/\/lucacastelli.com\/fr\/wp-json\/wp\/v2\/media\/63793"}],"wp:attachment":[{"href":"https:\/\/lucacastelli.com\/fr\/wp-json\/wp\/v2\/media?parent=479039"}],"wp:term":[{"taxonomy":"product_brand","embeddable":true,"href":"https:\/\/lucacastelli.com\/fr\/wp-json\/wp\/v2\/product_brand?post=479039"},{"taxonomy":"product_cat","embeddable":true,"href":"https:\/\/lucacastelli.com\/fr\/wp-json\/wp\/v2\/product_cat?post=479039"},{"taxonomy":"product_tag","embeddable":true,"href":"https:\/\/lucacastelli.com\/fr\/wp-json\/wp\/v2\/product_tag?post=479039"}],"curies":[{"name":"wp","href":"https:\/\/api.w.org\/{rel}","templated":true}]}}